{"id":988,"date":"2021-05-30T12:58:44","date_gmt":"2021-05-30T10:58:44","guid":{"rendered":"http:\/\/ekosofi.fr\/?page_id=988"},"modified":"2021-05-30T16:02:02","modified_gmt":"2021-05-30T14:02:02","slug":"arbustes","status":"publish","type":"page","link":"https:\/\/ekosofi.fr\/index.php\/arbustes\/","title":{"rendered":"Arbustes"},"content":{"rendered":"<p>Les arbustes apportent leur lot de floraison du printemps \u00e0 l&rsquo;automne. Apr\u00e8s des essais infructueux, voici une liste des arbustes qui se sont tr\u00e8s bien adapt\u00e9s \u00e0 notre sol et y prosp\u00e8rent :<\/p>\n<p>Lonicera Tatarica qui se d\u00e9veloppe jusqu&rsquo;\u00e0 deux m\u00e8tres de hauteur.<br \/>\nLonicera Gracilipes qui donne une jolie floraison rouge.<br \/>\nLonicera fragantissima qui fleurit tr\u00e8s t\u00f4t et embaume.<\/p>\n<p>Euonimus europeaus qui donne des couleurs somptueuses en automne et de jolis fruits en \u00e9t\u00e9.<br \/>\nViburnum carlesi qui embaume au printemps.<\/p>\n<p>Le seringat des jardins qui donne de si belles fleurs blanches parfum\u00e9es.<br \/>\nBien sur, le forsythia qui annonce le printemps.<br \/>\nL&rsquo;if qui donne des haies protectrices, la charmille et le noisetier.<\/p>\n","protected":false},"excerpt":{"rendered":"<p>Les arbustes apportent leur lot de floraison du printemps \u00e0 l&rsquo;automne. Apr\u00e8s des essais infructueux, voici une liste des arbustes qui se sont tr\u00e8s bien adapt\u00e9s \u00e0 notre sol et y prosp\u00e8rent : Lonicera Tatarica qui se d\u00e9veloppe jusqu&rsquo;\u00e0 deux m\u00e8tres de hauteur. Lonicera Gracilipes qui donne une jolie floraison rouge. Lonicera fragantissima qui fleurit &hellip; <\/p>\n<p class=\"link-more\"><a href=\"https:\/\/ekosofi.fr\/index.php\/arbustes\/\" class=\"more-link\">Continuer la lecture<span class=\"screen-reader-text\"> de &laquo;&nbsp;Arbustes&nbsp;&raquo;<\/span><\/a><\/p>\n","protected":false},"author":1,"featured_media":0,"parent":0,"menu_order":0,"comment_status":"closed","ping_status":"closed","template":"","meta":[],"_links":{"self":[{"href":"https:\/\/ekosofi.fr\/index.php\/wp-json\/wp\/v2\/pages\/988"}],"collection":[{"href":"https:\/\/ekosofi.fr\/index.php\/wp-json\/wp\/v2\/pages"}],"about":[{"href":"https:\/\/ekosofi.fr\/index.php\/wp-json\/wp\/v2\/types\/page"}],"author":[{"embeddable":true,"href":"https:\/\/ekosofi.fr\/index.php\/wp-json\/wp\/v2\/users\/1"}],"replies":[{"embeddable":true,"href":"https:\/\/ekosofi.fr\/index.php\/wp-json\/wp\/v2\/comments?post=988"}],"version-history":[{"count":4,"href":"https:\/\/ekosofi.fr\/index.php\/wp-json\/wp\/v2\/pages\/988\/revisions"}],"predecessor-version":[{"id":998,"href":"https:\/\/ekosofi.fr\/index.php\/wp-json\/wp\/v2\/pages\/988\/revisions\/998"}],"wp:attachment":[{"href":"https:\/\/ekosofi.fr\/index.php\/wp-json\/wp\/v2\/media?parent=988"}],"curies":[{"name":"wp","href":"https:\/\/api.w.org\/{rel}","templated":true}]}}