{"id":982,"date":"2021-05-30T12:41:02","date_gmt":"2021-05-30T10:41:02","guid":{"rendered":"http:\/\/ekosofi.fr\/?page_id=982"},"modified":"2021-05-30T16:03:53","modified_gmt":"2021-05-30T14:03:53","slug":"arbres","status":"publish","type":"page","link":"https:\/\/ekosofi.fr\/index.php\/arbres\/","title":{"rendered":"Arbres"},"content":{"rendered":"<p>Ils m\u00e9riteraient une visite \u00e0 eux seuls. L&rsquo;id\u00e9e g\u00e9n\u00e9rale est de respecter les esp\u00e8ces autochtones en jouant sur les vari\u00e9t\u00e9s :<\/p>\n<p>Voici un petit \u00e9chantillon de quelques arbres remarquables\u00a0 :<br \/>\n&#8211; A l&rsquo;est des carr\u00e9s : un h\u00eatre \u00e0 feuilles rondes, un bouquet de h\u00eatres \u00e0 feuilles dentel\u00e9es et deux h\u00eatre en colonne (fastigi\u00e9s).<br \/>\n&#8211; Au sud des carr\u00e9s un beau c\u00e8dre.<br \/>\n&#8211; Dans l&rsquo;all\u00e9e qui m\u00e8ne \u00e0 la rue, des arbres faciles \u00e0 identifier : deux ginkgos, un sophora pleureur.<br \/>\n&#8211; Encadrant le portail d&rsquo;entr\u00e9e : une sapinette d&rsquo;orient et un c\u00e8dre.<br \/>\n&#8211; Au fond dans le rideau d&rsquo;arbres au Nord, un superbe tilleul plus que centenaire.<br \/>\n&#8211; Dans le verger : deux tr\u00e8s vieux poiriers et un tr\u00e8s vieux cerisier.<\/p>\n","protected":false},"excerpt":{"rendered":"<p>Ils m\u00e9riteraient une visite \u00e0 eux seuls. L&rsquo;id\u00e9e g\u00e9n\u00e9rale est de respecter les esp\u00e8ces autochtones en jouant sur les vari\u00e9t\u00e9s : Voici un petit \u00e9chantillon de quelques arbres remarquables\u00a0 : &#8211; A l&rsquo;est des carr\u00e9s : un h\u00eatre \u00e0 feuilles rondes, un bouquet de h\u00eatres \u00e0 feuilles dentel\u00e9es et deux h\u00eatre en colonne (fastigi\u00e9s). &#8211; &hellip; <\/p>\n<p class=\"link-more\"><a href=\"https:\/\/ekosofi.fr\/index.php\/arbres\/\" class=\"more-link\">Continuer la lecture<span class=\"screen-reader-text\"> de &laquo;&nbsp;Arbres&nbsp;&raquo;<\/span><\/a><\/p>\n","protected":false},"author":1,"featured_media":0,"parent":0,"menu_order":0,"comment_status":"closed","ping_status":"closed","template":"","meta":[],"_links":{"self":[{"href":"https:\/\/ekosofi.fr\/index.php\/wp-json\/wp\/v2\/pages\/982"}],"collection":[{"href":"https:\/\/ekosofi.fr\/index.php\/wp-json\/wp\/v2\/pages"}],"about":[{"href":"https:\/\/ekosofi.fr\/index.php\/wp-json\/wp\/v2\/types\/page"}],"author":[{"embeddable":true,"href":"https:\/\/ekosofi.fr\/index.php\/wp-json\/wp\/v2\/users\/1"}],"replies":[{"embeddable":true,"href":"https:\/\/ekosofi.fr\/index.php\/wp-json\/wp\/v2\/comments?post=982"}],"version-history":[{"count":3,"href":"https:\/\/ekosofi.fr\/index.php\/wp-json\/wp\/v2\/pages\/982\/revisions"}],"predecessor-version":[{"id":1000,"href":"https:\/\/ekosofi.fr\/index.php\/wp-json\/wp\/v2\/pages\/982\/revisions\/1000"}],"wp:attachment":[{"href":"https:\/\/ekosofi.fr\/index.php\/wp-json\/wp\/v2\/media?parent=982"}],"curies":[{"name":"wp","href":"https:\/\/api.w.org\/{rel}","templated":true}]}}