{"id":980,"date":"2021-05-30T12:17:42","date_gmt":"2021-05-30T10:17:42","guid":{"rendered":"http:\/\/ekosofi.fr\/?page_id=980"},"modified":"2021-05-30T13:06:22","modified_gmt":"2021-05-30T11:06:22","slug":"rosiers","status":"publish","type":"page","link":"https:\/\/ekosofi.fr\/index.php\/rosiers\/","title":{"rendered":"Rosiers"},"content":{"rendered":"<p>Parmi la vingtaine de vari\u00e9t\u00e9s de rosiers, voici quelques sp\u00e9cimens remarquables :<\/p>\n<p>Les rosiers grimpants<br \/>\nLe plus remarquable est le rosier qui orne la fa\u00e7ade sud de la maison. Il s&rsquo;agit\u00a0 de \u00ab\u00a0Apple Blossom\u00a0\u00bb. C&rsquo;est un rosier liane d&rsquo;une force incroyable.<\/p>\n<p>Les rosiers buisson<br \/>\nLe \u00ab Rosa Mutabilis \u00bb poss\u00e8de deux particularit\u00e9s int\u00e9ressantes :<br \/>\n&#8211; Il fleurit de juin aux gel\u00e9es sans discontinuer.<br \/>\n&#8211; Il poss\u00e8de des fleurs dont la couleur varie avec leur degr\u00e9 d\u2019\u00e9closion.<br \/>\n\u00ab\u00a0City of York\u00a0\u00bb, \u00ab\u00a0Fantin Latour\u00a0\u00bb et \u00ab\u00a0Sourire d&rsquo;orchid\u00e9e\u00a0\u00bb sont d&rsquo;une vigueur \u00e0 toute \u00e9preuve. Ils se plaisent dans les terres argileuses.<\/p>\n<p>Les rosiers nains<br \/>\nParfois appel\u00e9s rosiers couvre sol, ils se plaisent dans les massifs.<\/p>\n","protected":false},"excerpt":{"rendered":"<p>Parmi la vingtaine de vari\u00e9t\u00e9s de rosiers, voici quelques sp\u00e9cimens remarquables : Les rosiers grimpants Le plus remarquable est le rosier qui orne la fa\u00e7ade sud de la maison. Il s&rsquo;agit\u00a0 de \u00ab\u00a0Apple Blossom\u00a0\u00bb. C&rsquo;est un rosier liane d&rsquo;une force incroyable. Les rosiers buisson Le \u00ab Rosa Mutabilis \u00bb poss\u00e8de deux particularit\u00e9s int\u00e9ressantes : &#8211; &hellip; <\/p>\n<p class=\"link-more\"><a href=\"https:\/\/ekosofi.fr\/index.php\/rosiers\/\" class=\"more-link\">Continuer la lecture<span class=\"screen-reader-text\"> de &laquo;&nbsp;Rosiers&nbsp;&raquo;<\/span><\/a><\/p>\n","protected":false},"author":1,"featured_media":0,"parent":0,"menu_order":0,"comment_status":"closed","ping_status":"closed","template":"","meta":[],"_links":{"self":[{"href":"https:\/\/ekosofi.fr\/index.php\/wp-json\/wp\/v2\/pages\/980"}],"collection":[{"href":"https:\/\/ekosofi.fr\/index.php\/wp-json\/wp\/v2\/pages"}],"about":[{"href":"https:\/\/ekosofi.fr\/index.php\/wp-json\/wp\/v2\/types\/page"}],"author":[{"embeddable":true,"href":"https:\/\/ekosofi.fr\/index.php\/wp-json\/wp\/v2\/users\/1"}],"replies":[{"embeddable":true,"href":"https:\/\/ekosofi.fr\/index.php\/wp-json\/wp\/v2\/comments?post=980"}],"version-history":[{"count":3,"href":"https:\/\/ekosofi.fr\/index.php\/wp-json\/wp\/v2\/pages\/980\/revisions"}],"predecessor-version":[{"id":987,"href":"https:\/\/ekosofi.fr\/index.php\/wp-json\/wp\/v2\/pages\/980\/revisions\/987"}],"wp:attachment":[{"href":"https:\/\/ekosofi.fr\/index.php\/wp-json\/wp\/v2\/media?parent=980"}],"curies":[{"name":"wp","href":"https:\/\/api.w.org\/{rel}","templated":true}]}}