{"id":964,"date":"2021-05-26T16:17:49","date_gmt":"2021-05-26T14:17:49","guid":{"rendered":"http:\/\/ekosofi.fr\/?page_id=964"},"modified":"2021-06-04T17:40:27","modified_gmt":"2021-06-04T15:40:27","slug":"carre-sud-ouest","status":"publish","type":"page","link":"https:\/\/ekosofi.fr\/index.php\/carre-sud-ouest\/","title":{"rendered":"Carr\u00e9 Sud-Ouest"},"content":{"rendered":"<p>Le carr\u00e9 des plantes condimentaires et m\u00e9dicinales<\/p>\n<p>En cliquant sur le nom de la plante vous saurez tout sur ses usages. Attention, quelques plantes de cette liste sont \u00e0 d&rsquo;autres endroits du jardin.<\/p>\n<table style=\"width: 51.0891%;\" width=\"297\">\n<tbody>\n<tr>\n<td style=\"width: 100%;\"><a href=\"https:\/\/www.doctissimo.fr\/html\/sante\/phytotherapie\/plante-medicinale\/absinthe.htm\">Absinthe\u00a0<\/a><\/td>\n<\/tr>\n<tr>\n<td style=\"width: 100%;\"><a href=\"https:\/\/www.doctissimo.fr\/html\/sante\/phytotherapie\/plante-medicinale\/achillee-millefeuille.htm\">Achill\u00e9e millefeuille<\/a><\/td>\n<\/tr>\n<tr>\n<td style=\"width: 100%;\"><a href=\"https:\/\/www.doctissimo.fr\/html\/sante\/phytotherapie\/plante-medicinale\/aigremoine.htm\">Aigremoine\u00a0<\/a><\/td>\n<\/tr>\n<tr>\n<td style=\"width: 100%;\"><a href=\"https:\/\/www.doctissimo.fr\/html\/sante\/phytotherapie\/plante-medicinale\/ail-des-ours.htm\">Ail des ours\u00a0<\/a><\/td>\n<\/tr>\n<tr>\n<td style=\"width: 100%;\"><a href=\"https:\/\/www.doctissimo.fr\/html\/sante\/phytotherapie\/plante-medicinale\/aneth.htm\">Aneth\u00a0<\/a><\/td>\n<\/tr>\n<tr>\n<td style=\"width: 100%;\"><a href=\"https:\/\/www.doctissimo.fr\/html\/sante\/phytotherapie\/plante-medicinale\/angelique.htm\">Ang\u00e9lique\u00a0<\/a><\/td>\n<\/tr>\n<tr>\n<td style=\"width: 100%;\"><a href=\"https:\/\/www.doctissimo.fr\/html\/sante\/phytotherapie\/plante-medicinale\/anis-vert.htm\">Anis vert\u00a0<\/a><\/td>\n<\/tr>\n<tr>\n<td style=\"width: 100%;\"><a href=\"https:\/\/www.doctissimo.fr\/html\/sante\/phytotherapie\/plante-medicinale\/armoise.htm\">Armoise\u00a0<\/a><\/td>\n<\/tr>\n<tr>\n<td style=\"width: 100%;\"><a href=\"https:\/\/www.doctissimo.fr\/html\/sante\/phytotherapie\/plante-medicinale\/asaret.htm\">Asaret<\/a><\/td>\n<\/tr>\n<tr>\n<td style=\"width: 100%;\"><a href=\"https:\/\/www.doctissimo.fr\/html\/sante\/phytotherapie\/plante-medicinale\/asperule-odorante.htm\">Asp\u00e9rule odorante\u00a0<\/a><\/td>\n<\/tr>\n<tr>\n<td style=\"width: 100%;\"><a href=\"https:\/\/www.doctissimo.fr\/html\/sante\/phytotherapie\/plante-medicinale\/balsamite.htm\">Menthe coq<\/a><\/td>\n<\/tr>\n<tr>\n<td style=\"width: 100%;\"><a href=\"https:\/\/www.doctissimo.fr\/html\/sante\/phytotherapie\/plante-medicinale\/bardane.htm\">Bardane\u00a0<\/a><\/td>\n<\/tr>\n<tr>\n<td style=\"width: 100%;\"><a href=\"https:\/\/www.doctissimo.fr\/html\/sante\/phytotherapie\/plante-medicinale\/basilic.htm\">Basilic\u00a0<\/a><\/td>\n<\/tr>\n<tr>\n<td style=\"width: 100%;\"><a href=\"https:\/\/www.doctissimo.fr\/html\/sante\/phytotherapie\/plante-medicinale\/benoite.htm\">Beno\u00eete <\/a><\/td>\n<\/tr>\n<tr>\n<td style=\"width: 100%;\"><a href=\"https:\/\/www.doctissimo.fr\/html\/sante\/phytotherapie\/plante-medicinale\/berce.htm\">Berce commune<\/a><\/td>\n<\/tr>\n<tr>\n<td style=\"width: 100%;\"><a href=\"https:\/\/www.doctissimo.fr\/html\/sante\/phytotherapie\/plante-medicinale\/bleuet.htm\">Bleuet centaurea cyanus<\/a><\/td>\n<\/tr>\n<tr>\n<td style=\"width: 100%;\"><a href=\"https:\/\/www.doctissimo.fr\/html\/sante\/phytotherapie\/plante-medicinale\/bourrache.htm\">Bourrache\u00a0<\/a><\/td>\n<\/tr>\n<tr>\n<td style=\"width: 100%;\"><a href=\"https:\/\/www.doctissimo.fr\/html\/sante\/phytotherapie\/plante-medicinale\/calament.htm\">Calaminthe Nepeta <\/a><\/td>\n<\/tr>\n<tr>\n<td style=\"width: 100%;\"><a href=\"https:\/\/www.doctissimo.fr\/html\/sante\/phytotherapie\/plante-medicinale\/calendula-souci-officinal.htm\">Souci officinal <\/a><\/td>\n<\/tr>\n<tr>\n<td style=\"width: 100%;\"><a href=\"https:\/\/www.doctissimo.fr\/html\/sante\/phytotherapie\/plante-medicinale\/cassis.htm\">Cassis\u00a0<\/a><\/td>\n<\/tr>\n<tr>\n<td style=\"width: 100%;\"><a href=\"https:\/\/www.doctissimo.fr\/html\/sante\/phytotherapie\/plante-medicinale\/cataire.htm\">Cataire<\/a><\/td>\n<\/tr>\n<tr>\n<td style=\"width: 100%;\"><a href=\"https:\/\/www.doctissimo.fr\/html\/sante\/phytotherapie\/plante-medicinale\/celeri.htm\">Ache des marais<\/a><\/td>\n<\/tr>\n<tr>\n<td style=\"width: 100%;\"><a href=\"https:\/\/www.doctissimo.fr\/html\/sante\/phytotherapie\/plante-medicinale\/cerfeuil.htm\">Cerfeuil\u00a0<\/a><\/td>\n<\/tr>\n<tr>\n<td style=\"width: 100%;\"><a href=\"https:\/\/www.doctissimo.fr\/html\/sante\/phytotherapie\/plante-medicinale\/camomille-romaine.htm\">Cham\u00e6melum nobile Treneague<\/a><\/td>\n<\/tr>\n<tr>\n<td style=\"width: 100%;\"><a href=\"https:\/\/www.doctissimo.fr\/html\/sante\/phytotherapie\/plante-medicinale\/chicoree.htm\">Chicor\u00e9e Cichorium intybus<\/a><\/td>\n<\/tr>\n<tr>\n<td style=\"width: 100%;\">Ciboulette<\/td>\n<\/tr>\n<tr>\n<td style=\"width: 100%;\"><a href=\"https:\/\/www.doctissimo.fr\/html\/sante\/phytotherapie\/plante-medicinale\/consoude.htm\">Consoude<\/a><\/td>\n<\/tr>\n<tr>\n<td style=\"width: 100%;\"><a href=\"https:\/\/www.doctissimo.fr\/html\/sante\/phytotherapie\/plante-medicinale\/coquelicot.htm\">Coquelicot\u00a0<\/a><\/td>\n<\/tr>\n<tr>\n<td style=\"width: 100%;\"><a href=\"https:\/\/www.doctissimo.fr\/html\/sante\/phytotherapie\/plante-medicinale\/coriandre.htm\">Coriandre\u00a0<\/a><\/td>\n<\/tr>\n<tr>\n<td style=\"width: 100%;\"><a href=\"https:\/\/www.doctissimo.fr\/html\/sante\/phytotherapie\/plante-medicinale\/cumin.htm\">Cumin\u00a0<\/a><\/td>\n<\/tr>\n<tr>\n<td style=\"width: 100%;\"><a href=\"https:\/\/www.doctissimo.fr\/html\/sante\/phytotherapie\/plante-medicinale\/escholtzia.htm\">Eschscholtzia (Pavot de Californie)\u00a0<\/a><\/td>\n<\/tr>\n<tr>\n<td style=\"width: 100%;\"><a href=\"https:\/\/www.doctissimo.fr\/html\/sante\/phytotherapie\/plante-medicinale\/estragon.htm\">Estragon\u00a0<\/a><\/td>\n<\/tr>\n<tr>\n<td style=\"width: 100%;\"><a href=\"https:\/\/www.doctissimo.fr\/html\/sante\/phytotherapie\/plante-medicinale\/ginkgo-biloba.htm\">Ginkgo biloba\u00a0<\/a><\/td>\n<\/tr>\n<tr>\n<td style=\"width: 100%;\"><a href=\"https:\/\/www.doctissimo.fr\/html\/sante\/phytotherapie\/plante-medicinale\/guimauve.htm\">Guimauve\u00a0<\/a><\/td>\n<\/tr>\n<tr>\n<td style=\"width: 100%;\"><a href=\"https:\/\/www.doctissimo.fr\/html\/sante\/phytotherapie\/plante-medicinale\/haricot.htm\">Haricot\u00a0<\/a><\/td>\n<\/tr>\n<tr>\n<td style=\"width: 100%;\"><a href=\"https:\/\/www.doctissimo.fr\/html\/sante\/phytotherapie\/plante-medicinale\/hysope.htm\">Hysope\u00a0<\/a><\/td>\n<\/tr>\n<tr>\n<td style=\"width: 100%;\"><a href=\"https:\/\/www.doctissimo.fr\/html\/sante\/phytotherapie\/plante-medicinale\/laurier.htm\">Laurier\u00a0<\/a><\/td>\n<\/tr>\n<tr>\n<td style=\"width: 100%;\"><a href=\"https:\/\/www.doctissimo.fr\/html\/sante\/phytotherapie\/plante-medicinale\/lavande.htm\">Lavande officinale <\/a><\/td>\n<\/tr>\n<tr>\n<td style=\"width: 100%;\"><a href=\"https:\/\/www.doctissimo.fr\/html\/sante\/phytotherapie\/plante-medicinale\/lin.htm\">Lin\u00a0<\/a><\/td>\n<\/tr>\n<tr>\n<td style=\"width: 100%;\"><a href=\"https:\/\/www.doctissimo.fr\/html\/sante\/phytotherapie\/plante-medicinale\/liveche.htm\">Liv\u00e8che\u00a0<\/a><\/td>\n<\/tr>\n<tr>\n<td style=\"width: 100%;\"><a href=\"https:\/\/www.doctissimo.fr\/html\/sante\/phytotherapie\/plante-medicinale\/marrube-blanc.htm\">Marrube blanc\u00a0<\/a><\/td>\n<\/tr>\n<tr>\n<td style=\"width: 100%;\"><a href=\"https:\/\/www.doctissimo.fr\/html\/sante\/phytotherapie\/plante-medicinale\/mauve.htm\">Mauve des for\u00eats<\/a><\/td>\n<\/tr>\n<tr>\n<td style=\"width: 100%;\"><a href=\"https:\/\/www.doctissimo.fr\/html\/sante\/phytotherapie\/plante-medicinale\/melisse.htm\">M\u00e9lisse <\/a><\/td>\n<\/tr>\n<tr>\n<td style=\"width: 100%;\"><a href=\"https:\/\/www.doctissimo.fr\/html\/sante\/phytotherapie\/plante-medicinale\/menthe.htm\">Menthe\u00a0<\/a><\/td>\n<\/tr>\n<tr>\n<td style=\"width: 100%;\">Monarde fistuleuse<\/td>\n<\/tr>\n<tr>\n<td style=\"width: 100%;\"><a href=\"https:\/\/www.doctissimo.fr\/html\/sante\/phytotherapie\/plante-medicinale\/nigelle.htm\">Nigelle\u00a0<\/a><\/td>\n<\/tr>\n<tr>\n<td style=\"width: 100%;\"><a href=\"https:\/\/www.doctissimo.fr\/html\/sante\/phytotherapie\/plante-medicinale\/noyer.htm\">Noyer\u00a0<\/a><\/td>\n<\/tr>\n<tr>\n<td style=\"width: 100%;\"><a href=\"https:\/\/www.doctissimo.fr\/html\/sante\/phytotherapie\/plante-medicinale\/origan.htm\">Origanum vulgare (Origan commun)\u00a0<\/a><\/td>\n<\/tr>\n<tr>\n<td style=\"width: 100%;\"><a href=\"https:\/\/www.doctissimo.fr\/html\/sante\/phytotherapie\/plante-medicinale\/ortie.htm\">Ortie\u00a0<\/a><\/td>\n<\/tr>\n<tr>\n<td style=\"width: 100%;\"><a href=\"https:\/\/www.doctissimo.fr\/html\/sante\/phytotherapie\/plante-medicinale\/persil.htm\">Persil\u00a0<\/a><\/td>\n<\/tr>\n<tr>\n<td style=\"width: 100%;\"><a href=\"https:\/\/www.doctissimo.fr\/html\/sante\/phytotherapie\/plante-medicinale\/pimprenelle.htm\">Pimprenelle Sanguisorba minor<\/a><\/td>\n<\/tr>\n<tr>\n<td style=\"width: 100%;\"><a href=\"https:\/\/www.doctissimo.fr\/html\/sante\/phytotherapie\/plante-medicinale\/pissenlit.htm\">Pissenlit\u00a0<\/a><\/td>\n<\/tr>\n<tr>\n<td style=\"width: 100%;\"><a href=\"https:\/\/www.doctissimo.fr\/html\/sante\/phytotherapie\/plante-medicinale\/plantain.htm\">Plantain\u00a0<\/a><\/td>\n<\/tr>\n<tr>\n<td style=\"width: 100%;\"><a href=\"https:\/\/www.doctissimo.fr\/html\/sante\/phytotherapie\/plante-medicinale\/raifort.htm\">Raifort Armoracia rusticana<\/a><\/td>\n<\/tr>\n<tr>\n<td style=\"width: 100%;\"><a href=\"https:\/\/www.doctissimo.fr\/html\/sante\/phytotherapie\/plante-medicinale\/rhubarbe.htm\">Rhubarbe\u00a0<\/a><\/td>\n<\/tr>\n<tr>\n<td style=\"width: 100%;\"><a href=\"https:\/\/www.doctissimo.fr\/html\/sante\/phytotherapie\/plante-medicinale\/rosier.htm\">Rosier\u00a0<\/a><\/td>\n<\/tr>\n<tr>\n<td style=\"width: 100%;\"><a href=\"https:\/\/www.doctissimo.fr\/html\/sante\/phytotherapie\/plante-medicinale\/romarin.htm\">Romarin <\/a><\/td>\n<\/tr>\n<tr>\n<td style=\"width: 100%;\"><a href=\"https:\/\/www.doctissimo.fr\/html\/sante\/phytotherapie\/plante-medicinale\/sarriette.htm\">Sarriette <\/a><\/td>\n<\/tr>\n<tr>\n<td style=\"width: 100%;\"><a href=\"https:\/\/www.doctissimo.fr\/html\/sante\/phytotherapie\/plante-medicinale\/sauge.htm\">Sauges officinales (6 vari\u00e9t\u00e9s) <\/a><\/td>\n<\/tr>\n<tr>\n<td style=\"width: 100%;\"><a href=\"https:\/\/www.doctissimo.fr\/html\/sante\/phytotherapie\/plante-medicinale\/oeillet-d-inde.htm\">Oeillets d&rsquo;Inde<\/a><\/td>\n<\/tr>\n<tr>\n<td style=\"width: 100%;\"><a href=\"https:\/\/www.doctissimo.fr\/html\/sante\/phytotherapie\/plante-medicinale\/trefle-rouge.htm\">Tr\u00e8fle rouge\u00a0<\/a><\/td>\n<\/tr>\n<tr>\n<td style=\"width: 100%;\"><a href=\"https:\/\/www.doctissimo.fr\/html\/sante\/phytotherapie\/plante-medicinale\/valeriane.htm\">Val\u00e9riane officinale<\/a><\/td>\n<\/tr>\n<tr>\n<td style=\"width: 100%;\"><a href=\"https:\/\/www.doctissimo.fr\/html\/sante\/phytotherapie\/plante-medicinale\/verge-d-or.htm\">Verge d&rsquo;or\u00a0<\/a><\/td>\n<\/tr>\n<tr>\n<td style=\"width: 100%;\"><a href=\"https:\/\/www.doctissimo.fr\/html\/sante\/phytotherapie\/plante-medicinale\/bourse-a-pasteur.htm\">V\u00e9ronique officinale<\/a><\/td>\n<\/tr>\n<tr>\n<td style=\"width: 100%;\"><a href=\"https:\/\/www.doctissimo.fr\/html\/sante\/phytotherapie\/plante-medicinale\/verveine.htm\">Verveine\u00a0<\/a><\/td>\n<\/tr>\n<tr>\n<td style=\"width: 100%;\"><a href=\"https:\/\/www.doctissimo.fr\/html\/sante\/phytotherapie\/plante-medicinale\/verveine-citronnelle.htm\">Verveine citronnelle\u00a0<\/a><\/td>\n<\/tr>\n<tr>\n<td style=\"width: 100%;\"><\/td>\n<\/tr>\n<tr>\n<td style=\"width: 100%;\"><\/td>\n<\/tr>\n<tr>\n<td style=\"width: 100%;\"><\/td>\n<\/tr>\n<tr>\n<td style=\"width: 100%;\"><\/td>\n<\/tr>\n<tr>\n<td style=\"width: 100%;\"><\/td>\n<\/tr>\n<tr>\n<td style=\"width: 100%;\"><\/td>\n<\/tr>\n<tr>\n<td style=\"width: 100%;\"><\/td>\n<\/tr>\n<tr>\n<td style=\"width: 100%;\"><\/td>\n<\/tr>\n<tr>\n<td style=\"width: 100%;\"><\/td>\n<\/tr>\n<tr>\n<td style=\"width: 100%;\"><\/td>\n<\/tr>\n<tr>\n<td style=\"width: 100%;\"><\/td>\n<\/tr>\n<tr>\n<td style=\"width: 100%;\"><\/td>\n<\/tr>\n<tr>\n<td style=\"width: 100%;\"><\/td>\n<\/tr>\n<tr>\n<td style=\"width: 100%;\"><\/td>\n<\/tr>\n<tr>\n<td style=\"width: 100%;\"><\/td>\n<\/tr>\n<tr>\n<td style=\"width: 100%;\"><\/td>\n<\/tr>\n<tr>\n<td style=\"width: 100%;\"><\/td>\n<\/tr>\n<tr>\n<td style=\"width: 100%;\"><\/td>\n<\/tr>\n<tr>\n<td style=\"width: 100%;\"><\/td>\n<\/tr>\n<tr>\n<td style=\"width: 100%;\"><\/td>\n<\/tr>\n<\/tbody>\n<\/table>\n","protected":false},"excerpt":{"rendered":"<p>Le carr\u00e9 des plantes condimentaires et m\u00e9dicinales En cliquant sur le nom de la plante vous saurez tout sur ses usages. Attention, quelques plantes de cette liste sont \u00e0 d&rsquo;autres endroits du jardin. Absinthe\u00a0 Achill\u00e9e millefeuille Aigremoine\u00a0 Ail des ours\u00a0 Aneth\u00a0 Ang\u00e9lique\u00a0 Anis vert\u00a0 Armoise\u00a0 Asaret Asp\u00e9rule odorante\u00a0 Menthe coq Bardane\u00a0 Basilic\u00a0 Beno\u00eete Berce commune &hellip; <\/p>\n<p class=\"link-more\"><a href=\"https:\/\/ekosofi.fr\/index.php\/carre-sud-ouest\/\" class=\"more-link\">Continuer la lecture<span class=\"screen-reader-text\"> de &laquo;&nbsp;Carr\u00e9 Sud-Ouest&nbsp;&raquo;<\/span><\/a><\/p>\n","protected":false},"author":1,"featured_media":0,"parent":0,"menu_order":0,"comment_status":"closed","ping_status":"closed","template":"","meta":[],"_links":{"self":[{"href":"https:\/\/ekosofi.fr\/index.php\/wp-json\/wp\/v2\/pages\/964"}],"collection":[{"href":"https:\/\/ekosofi.fr\/index.php\/wp-json\/wp\/v2\/pages"}],"about":[{"href":"https:\/\/ekosofi.fr\/index.php\/wp-json\/wp\/v2\/types\/page"}],"author":[{"embeddable":true,"href":"https:\/\/ekosofi.fr\/index.php\/wp-json\/wp\/v2\/users\/1"}],"replies":[{"embeddable":true,"href":"https:\/\/ekosofi.fr\/index.php\/wp-json\/wp\/v2\/comments?post=964"}],"version-history":[{"count":6,"href":"https:\/\/ekosofi.fr\/index.php\/wp-json\/wp\/v2\/pages\/964\/revisions"}],"predecessor-version":[{"id":1013,"href":"https:\/\/ekosofi.fr\/index.php\/wp-json\/wp\/v2\/pages\/964\/revisions\/1013"}],"wp:attachment":[{"href":"https:\/\/ekosofi.fr\/index.php\/wp-json\/wp\/v2\/media?parent=964"}],"curies":[{"name":"wp","href":"https:\/\/api.w.org\/{rel}","templated":true}]}}