{"id":960,"date":"2021-05-26T16:00:03","date_gmt":"2021-05-26T14:00:03","guid":{"rendered":"http:\/\/ekosofi.fr\/?page_id=960"},"modified":"2021-06-04T17:33:44","modified_gmt":"2021-06-04T15:33:44","slug":"carre-nord-ouest","status":"publish","type":"page","link":"https:\/\/ekosofi.fr\/index.php\/carre-nord-ouest\/","title":{"rendered":"Carr\u00e9 Nord-Ouest"},"content":{"rendered":"<p>C&rsquo;est le carr\u00e9 blanc, rose et rouge.<\/p>\n<p>Au bord, les g\u00e9raniums sanguineum rouges alternent avec les g\u00e9raniums sanguineum blancs. Entre eux se glissent le geranium andressii aux feuilles velout\u00e9es, le geranium cinereum ballerina aux fleurs vein\u00e9es de rouge.<br \/>\nSur la gauche, les jolies v\u00e9roniques roses pointent leurs fins \u00e9pis.<br \/>\nLes \u0153illets delto\u00efdes nous gratifient de leurs petites fleurs rouges carmin vif.<br \/>\nAu centre du massif, les magnifiques \u00ab Veronicastrum \u00bb avec leur hampe blanche l\u00e9g\u00e8re et leur feuillage verticill\u00e9 apportent une note d\u2019une rare \u00e9l\u00e9gance raffin\u00e9e mais sa floraison est un peu en retard.<br \/>\nUne gaura rouge a bien voulu fleurir, un peu en avance sur ses consoeurs roses.<br \/>\nLes campanules \u00e9l\u00e9gantes offrent leur blanc immacul\u00e9.<br \/>\nUne scabieuse du caucase rivalise de blancheur avec les campanules.<br \/>\nLa centaur\u00e9e dealbata, un peu envahissante, est en pleine floraison rose.<\/p>\n<p>La plupart des autres plantes sont des asters dont les premi\u00e8res floraisons commencent en juillet et s\u2019\u00e9talent ensuite jusqu\u2019aux gel\u00e9es. Le carr\u00e9 contient une bonne dizaine de vari\u00e9t\u00e9s qui dessinent un cama\u00efeu de roses et de rouges allant du rose p\u00e2le de \u00ab Pink Star \u00bb au rose soutenu de \u00ab\u00a0Alma Poetchke\u00a0\u00bb. Retenez ces deux noms.<\/p>\n<p>Ne pas oublier les polygonums, alias persicaria alias renou\u00e9e, qui donnent de fines hampes rouges ou blanches.<br \/>\nLes lysimaques de chine un peu envahissants et craignant un peu le sec, ont de jolies fleurs blanches en forme de virgules qui apparaissent un peu plus tard.<\/p>\n","protected":false},"excerpt":{"rendered":"<p>C&rsquo;est le carr\u00e9 blanc, rose et rouge. Au bord, les g\u00e9raniums sanguineum rouges alternent avec les g\u00e9raniums sanguineum blancs. Entre eux se glissent le geranium andressii aux feuilles velout\u00e9es, le geranium cinereum ballerina aux fleurs vein\u00e9es de rouge. Sur la gauche, les jolies v\u00e9roniques roses pointent leurs fins \u00e9pis. Les \u0153illets delto\u00efdes nous gratifient de &hellip; <\/p>\n<p class=\"link-more\"><a href=\"https:\/\/ekosofi.fr\/index.php\/carre-nord-ouest\/\" class=\"more-link\">Continuer la lecture<span class=\"screen-reader-text\"> de &laquo;&nbsp;Carr\u00e9 Nord-Ouest&nbsp;&raquo;<\/span><\/a><\/p>\n","protected":false},"author":1,"featured_media":0,"parent":0,"menu_order":0,"comment_status":"closed","ping_status":"closed","template":"","meta":[],"_links":{"self":[{"href":"https:\/\/ekosofi.fr\/index.php\/wp-json\/wp\/v2\/pages\/960"}],"collection":[{"href":"https:\/\/ekosofi.fr\/index.php\/wp-json\/wp\/v2\/pages"}],"about":[{"href":"https:\/\/ekosofi.fr\/index.php\/wp-json\/wp\/v2\/types\/page"}],"author":[{"embeddable":true,"href":"https:\/\/ekosofi.fr\/index.php\/wp-json\/wp\/v2\/users\/1"}],"replies":[{"embeddable":true,"href":"https:\/\/ekosofi.fr\/index.php\/wp-json\/wp\/v2\/comments?post=960"}],"version-history":[{"count":4,"href":"https:\/\/ekosofi.fr\/index.php\/wp-json\/wp\/v2\/pages\/960\/revisions"}],"predecessor-version":[{"id":1009,"href":"https:\/\/ekosofi.fr\/index.php\/wp-json\/wp\/v2\/pages\/960\/revisions\/1009"}],"wp:attachment":[{"href":"https:\/\/ekosofi.fr\/index.php\/wp-json\/wp\/v2\/media?parent=960"}],"curies":[{"name":"wp","href":"https:\/\/api.w.org\/{rel}","templated":true}]}}