{"id":953,"date":"2021-05-26T15:43:10","date_gmt":"2021-05-26T13:43:10","guid":{"rendered":"http:\/\/ekosofi.fr\/?page_id=953"},"modified":"2021-06-04T21:14:02","modified_gmt":"2021-06-04T19:14:02","slug":"carre-nord-est","status":"publish","type":"page","link":"https:\/\/ekosofi.fr\/index.php\/carre-nord-est\/","title":{"rendered":"Carr\u00e9 Nord-Est"},"content":{"rendered":"<p>C&rsquo;est le carr\u00e9 jaune et bleu.<\/p>\n<p>Sur le devant du massif alternent les g\u00e9raniums \u00ab Johnson Blue \u00bb, l\u2019un des plus florif\u00e8res de tous les g\u00e9raniums et le g\u00e9ranium \u00ab Sanguineum \u00bb aux fleurs magenta. Ce sont deux grands classiques. Ils fleurissent sans discontinuer pendant cinq ou six semaines. Apr\u00e8s une bonne pause au mois d&rsquo;aout ; ils nous gratifient d&rsquo;une bonne remont\u00e9e en septembre.<br \/>\nTrois belles touffes de lin p\u00e9renne bleu fleurissent pendant tout le mois de Juin.<br \/>\nLe jaune plus doux du \u00ab Buphtalmon \u00bb aux fins p\u00e9tales pointus commence \u00e0 pointer.<br \/>\nLes lysimaques ponctata sont un peu en retard et font attendre leur floraison jaune.<br \/>\nLes belles campanules \u00e0 feuille de p\u00eacher, un peu hautaines, sont \u00e9galement au rendez-vous du printemps.<br \/>\nLes scabieuses du Caucase sont un peu en retard mais on voit d\u00e9j\u00e0 les boutons des fleurs.<br \/>\nLes v\u00e9roniques gentiano\u00efdes sont \u00e0 leur apog\u00e9e et contribuent au cama\u00efeu de bleus qui font le charme de ce massif.<br \/>\nEnfin l&rsquo;aster Tongolensis est un aster de printemps en pleine floraison.<\/p>\n<p>La plupart des autres plantes actuellement en feuilles sont des asters bleus dont les premi\u00e8res floraisons commencent en juillet et s\u2019\u00e9talent ensuite jusqu\u2019aux gel\u00e9es. Il y a une bonne dizaine de vari\u00e9t\u00e9s qui dessineront un cama\u00efeu de bleus allant du bleu p\u00e2le de \u00abAster Lutetia \u00bb au bleu presque violet de \u00ab Marina Wolkonsky \u00bb et de \u00ab\u00a0Constance\u00a0\u00bb.<\/p>\n<p>Si vous n&rsquo;aviez qu&rsquo;un nom \u00e0 retenir, c&rsquo;est celui du l&rsquo;aster \u00ab\u00a0Frikartii Munch\u00a0\u00bb qui prend un peu de temps \u00e0 s&rsquo;installer mais donne une abondante floraison de mi-juillet \u00e0 mi-septembre.<\/p>\n","protected":false},"excerpt":{"rendered":"<p>C&rsquo;est le carr\u00e9 jaune et bleu. Sur le devant du massif alternent les g\u00e9raniums \u00ab Johnson Blue \u00bb, l\u2019un des plus florif\u00e8res de tous les g\u00e9raniums et le g\u00e9ranium \u00ab Sanguineum \u00bb aux fleurs magenta. Ce sont deux grands classiques. Ils fleurissent sans discontinuer pendant cinq ou six semaines. Apr\u00e8s une bonne pause au mois &hellip; <\/p>\n<p class=\"link-more\"><a href=\"https:\/\/ekosofi.fr\/index.php\/carre-nord-est\/\" class=\"more-link\">Continuer la lecture<span class=\"screen-reader-text\"> de &laquo;&nbsp;Carr\u00e9 Nord-Est&nbsp;&raquo;<\/span><\/a><\/p>\n","protected":false},"author":1,"featured_media":0,"parent":0,"menu_order":0,"comment_status":"closed","ping_status":"closed","template":"","meta":[],"_links":{"self":[{"href":"https:\/\/ekosofi.fr\/index.php\/wp-json\/wp\/v2\/pages\/953"}],"collection":[{"href":"https:\/\/ekosofi.fr\/index.php\/wp-json\/wp\/v2\/pages"}],"about":[{"href":"https:\/\/ekosofi.fr\/index.php\/wp-json\/wp\/v2\/types\/page"}],"author":[{"embeddable":true,"href":"https:\/\/ekosofi.fr\/index.php\/wp-json\/wp\/v2\/users\/1"}],"replies":[{"embeddable":true,"href":"https:\/\/ekosofi.fr\/index.php\/wp-json\/wp\/v2\/comments?post=953"}],"version-history":[{"count":8,"href":"https:\/\/ekosofi.fr\/index.php\/wp-json\/wp\/v2\/pages\/953\/revisions"}],"predecessor-version":[{"id":1016,"href":"https:\/\/ekosofi.fr\/index.php\/wp-json\/wp\/v2\/pages\/953\/revisions\/1016"}],"wp:attachment":[{"href":"https:\/\/ekosofi.fr\/index.php\/wp-json\/wp\/v2\/media?parent=953"}],"curies":[{"name":"wp","href":"https:\/\/api.w.org\/{rel}","templated":true}]}}