{"id":949,"date":"2021-05-26T15:17:47","date_gmt":"2021-05-26T13:17:47","guid":{"rendered":"http:\/\/ekosofi.fr\/?page_id=949"},"modified":"2021-05-30T16:17:04","modified_gmt":"2021-05-30T14:17:04","slug":"jardin","status":"publish","type":"page","link":"https:\/\/ekosofi.fr\/index.php\/jardin\/","title":{"rendered":"jardin"},"content":{"rendered":"<p>Avant de commencer votre visite, vous pouvez t\u00e9l\u00e9charger sur votre smartphone l&rsquo;application PlantNet que vous trouverez sur Playstore.<\/p>\n<p>Pour visiter le jardin de fleurs vous contournerez par la droite le b\u00e2timent d\u2019habitation et le longerez jusqu\u2019\u00e0 ce que vous arriviez en face des quatre carr\u00e9s du \u00ab potager \u00bb de fleurs.<\/p>\n<p>Ce jardin poss\u00e8de quelques caract\u00e9ristiques\u00a0:<br \/>\n&#8211; Il est compos\u00e9 exclusivement de plantes vivaces.<br \/>\n&#8211; Il comporte un nombre important de vari\u00e9t\u00e9s de plantes que vous pourrez d\u00e9couvrir \u00e0 l\u2019aide des pages suivantes.<br \/>\n&#8211; Toutes les plantes sont adapt\u00e9es au sol lourd argilo-calcaire dont est form\u00e9e la terre Saint Clair.<br \/>\n&#8211; A l\u2019origine, ces carr\u00e9s \u00e9taient occup\u00e9s par un potager.<\/p>\n<p>C\u2019est un jardin un peu \u00e9loign\u00e9 des sentiers battus et quelques instants d\u2019observation et de contemplation sont n\u00e9cessaires pour en d\u00e9chiffrer l\u2019intention.<\/p>\n<p><a href=\"http:\/\/ekosofi.fr\/index.php\/carre-nord-est\/\">Carr\u00e9 Nord-Est<\/a><br \/>\n<a href=\"http:\/\/ekosofi.fr\/index.php\/carre-nord-ouest\/\">Carr\u00e9 Nord-Ouest<\/a><br \/>\n<a href=\"http:\/\/ekosofi.fr\/index.php\/carre-sud-est\/\">Carr\u00e9 Sud-Est<\/a><br \/>\n<a href=\"http:\/\/ekosofi.fr\/?page_id=964&amp;preview=true\">Carr\u00e9 Sud-Ouest<\/a><\/p>\n<p><a href=\"http:\/\/ekosofi.fr\/index.php\/arbres\/\">Les arbres<\/a><br \/>\n<a href=\"http:\/\/ekosofi.fr\/index.php\/arbustes\/\">Les arbustes<\/a><br \/>\n<a href=\"http:\/\/ekosofi.fr\/index.php\/rosiers\/\">Les rosiers<\/a><br \/>\n<a href=\"http:\/\/ekosofi.fr\/?page_id=993&amp;preview=true\">La prairie<\/a><\/p>\n","protected":false},"excerpt":{"rendered":"<p>Avant de commencer votre visite, vous pouvez t\u00e9l\u00e9charger sur votre smartphone l&rsquo;application PlantNet que vous trouverez sur Playstore. Pour visiter le jardin de fleurs vous contournerez par la droite le b\u00e2timent d\u2019habitation et le longerez jusqu\u2019\u00e0 ce que vous arriviez en face des quatre carr\u00e9s du \u00ab potager \u00bb de fleurs. Ce jardin poss\u00e8de quelques &hellip; <\/p>\n<p class=\"link-more\"><a href=\"https:\/\/ekosofi.fr\/index.php\/jardin\/\" class=\"more-link\">Continuer la lecture<span class=\"screen-reader-text\"> de &laquo;&nbsp;jardin&nbsp;&raquo;<\/span><\/a><\/p>\n","protected":false},"author":1,"featured_media":0,"parent":0,"menu_order":0,"comment_status":"closed","ping_status":"closed","template":"","meta":[],"_links":{"self":[{"href":"https:\/\/ekosofi.fr\/index.php\/wp-json\/wp\/v2\/pages\/949"}],"collection":[{"href":"https:\/\/ekosofi.fr\/index.php\/wp-json\/wp\/v2\/pages"}],"about":[{"href":"https:\/\/ekosofi.fr\/index.php\/wp-json\/wp\/v2\/types\/page"}],"author":[{"embeddable":true,"href":"https:\/\/ekosofi.fr\/index.php\/wp-json\/wp\/v2\/users\/1"}],"replies":[{"embeddable":true,"href":"https:\/\/ekosofi.fr\/index.php\/wp-json\/wp\/v2\/comments?post=949"}],"version-history":[{"count":14,"href":"https:\/\/ekosofi.fr\/index.php\/wp-json\/wp\/v2\/pages\/949\/revisions"}],"predecessor-version":[{"id":1003,"href":"https:\/\/ekosofi.fr\/index.php\/wp-json\/wp\/v2\/pages\/949\/revisions\/1003"}],"wp:attachment":[{"href":"https:\/\/ekosofi.fr\/index.php\/wp-json\/wp\/v2\/media?parent=949"}],"curies":[{"name":"wp","href":"https:\/\/api.w.org\/{rel}","templated":true}]}}