{"id":939,"date":"2021-01-30T18:55:32","date_gmt":"2021-01-30T17:55:32","guid":{"rendered":"http:\/\/ekosofi.fr\/?page_id=939"},"modified":"2021-01-30T19:02:12","modified_gmt":"2021-01-30T18:02:12","slug":"merci-au-co2","status":"publish","type":"page","link":"https:\/\/ekosofi.fr\/index.php\/merci-au-co2\/","title":{"rendered":"Merci au CO2"},"content":{"rendered":"<p>Impact climatique et cons\u00e9quences : quelques points de rep\u00e8res<\/p>\n<div class=\"bg-margin-for-link\"><input type='hidden' bg_collapse_expand='69f9fc9e4d5993069488451' value='69f9fc9e4d5993069488451'><input type='hidden' id='bg-show-more-text-69f9fc9e4d5993069488451' value='Voir la notice bibliographique'><input type='hidden' id='bg-show-less-text-69f9fc9e4d5993069488451' value='Masquer la notice bibliographique'><a id='bg-showmore-action-69f9fc9e4d5993069488451' class='bg-showmore-plg-link  '  style=\" color:#00ff00;;\" href='#'>Voir la notice bibliographique<\/a><div id='bg-showmore-hidden-69f9fc9e4d5993069488451' >\n<table>\n<tbody>\n<tr>\n<td width=\"160\">Auteur<\/td>\n<td width=\"170\">Fran\u00e7ois Gervais<\/td>\n<\/tr>\n<tr>\n<td width=\"160\">Editeur<\/td>\n<td width=\"170\">L&rsquo;artilleur<\/td>\n<\/tr>\n<tr>\n<td width=\"160\">Date de parution<\/td>\n<td width=\"170\">28\/10\/2020<\/td>\n<\/tr>\n<tr>\n<td width=\"160\">Format<\/td>\n<td width=\"170\">12cm x 20cm<\/td>\n<\/tr>\n<tr>\n<td width=\"160\">Nombre de pages<\/td>\n<td width=\"170\">128<\/td>\n<\/tr>\n<\/tbody>\n<\/table>\n<p><\/div><\/div> <div class=\"bg-margin-for-link\"><input type='hidden' bg_collapse_expand='69f9fc9e4d5cc3010176349' value='69f9fc9e4d5cc3010176349'><input type='hidden' id='bg-show-more-text-69f9fc9e4d5cc3010176349' value='Voir la fiche d&apos;analyse'><input type='hidden' id='bg-show-less-text-69f9fc9e4d5cc3010176349' value='Masquer la fiche d&apos;analyse'><a id='bg-showmore-action-69f9fc9e4d5cc3010176349' class='bg-showmore-plg-link  '  style=\" color:#00ff00;;\" href='#'>Voir la fiche d&apos;analyse<\/a><div id='bg-showmore-hidden-69f9fc9e4d5cc3010176349' ><\/p>\n<p>L\u2019auteur d\u00e9nonce dans son premier chapitre sur un mode pamphl\u00e9taire les exc\u00e8s dans la communication et le militantisme \u00e9cologique.<\/p>\n<p>Le premier et le deuxi\u00e8me chapitre sur le verdissement de la terre appellent quelques r\u00e9serves si l\u2019on en croit le rapport de la FAO tr\u00e8s document\u00e9 sur le sujet\u00a0; en effet, si l\u2019impact du gaz carbonique sur la croissance des v\u00e9g\u00e9taux est ind\u00e9niable et significatif, le rapport souligne qu\u2019il porte que de mani\u00e8re insignifiante sur les parties reproductives (grains des c\u00e9r\u00e9ales ou fruits) et concerne principalement feuilles et tiges. De plus, cette augmentation de croissance provoque en contrepartie un stress hydrique pour les cultures non irrigu\u00e9es, stress qui fait chuter de mani\u00e8re spectaculaire les rendements. Les choses ne sont donc pas si simples\u00a0et le bilan global reste \u00e0 faire\u00a0; le lien entre verdissement et production de nourriture n\u2019est pas \u00e9tabli. Par ailleurs, l\u2019argument classique selon lequel l\u2019accroissement de CO2 (dont le stock ne repr\u00e9sente que 0,004 % de l\u2019atmosph\u00e8re) ne pourrait pas de ce fait jouer un r\u00f4le sur le r\u00e9chauffement a \u00e9t\u00e9 mainte fois r\u00e9fut\u00e9\u00a0; mais c\u2019est le seul argument des contestataires du r\u00f4le des \u00e9missions humaines de CO2, il est avanc\u00e9 contre toute \u00e9vidence scientifique.<\/p>\n<p>Dans le chapitre 3, l\u2019auteur r\u00e9fute le lien entre changement climatique (qu\u2019il baptise d\u00e9r\u00e8glement on ne sait pourquoi\u00a0?) et ph\u00e9nom\u00e8nes extr\u00eames. Les climatologues ont \u00e9t\u00e9 tr\u00e8s prudents et montre que la probabilit\u00e9 pour qu\u2019ils soient li\u00e9s est de plus en plus \u00e9lev\u00e9e.<br \/>\nDans ce chapitre l\u2019auteur r\u00e9fute la fourchette de valeurs de la sensibilit\u00e9 climatique retenue par le GIEC\u00a0: la sensibilit\u00e9 climatique correspond \u00e0 l\u2019accroissement de temp\u00e9rature r\u00e9sultant d\u2019un doublement de la teneur de l\u2019atmosph\u00e8re en dioxyde de carbone. Il est \u00e9vident que cet indicateur de sensibilit\u00e9 climatique est crucial pour effectuer des pr\u00e9visions climatiques. L\u2019\u00e9cart vient de ce que l\u2019on appelle les r\u00e9troactions dues notamment \u00e0 l\u2019humidit\u00e9 de l\u2019air et qui semblent renforcer le r\u00e9chauffement induit par le CO2. L\u2019existence de cette r\u00e9troaction positive est r\u00e9fut\u00e9e par l\u2019auteur\u00a0; c\u2019est d\u2019ailleurs le n\u0153ud de toute son argumentation.<br \/>\nLa fonte de l\u2019antarctique observ\u00e9e depuis 2017 confirme avec un retard inexpliqu\u00e9 les pr\u00e9visions des mod\u00e8les climatiques sur la fonte des glaces polaires<br \/>\nUn pamphlet amusant et plein d\u2019humour cloture le chapitre et vient faire contrepoids aux expos\u00e9s un peu arides du chapitre\u00a0; il ne pr\u00e9tend pas tenir lieu d\u2019argumentation.<\/p>\n<p><\/div><\/div> <div class=\"bg-margin-for-link\"><input type='hidden' bg_collapse_expand='69f9fc9e4d5e76080989255' value='69f9fc9e4d5e76080989255'><input type='hidden' id='bg-show-more-text-69f9fc9e4d5e76080989255' value='Voir le sommaire'><input type='hidden' id='bg-show-less-text-69f9fc9e4d5e76080989255' value='Masquer le sommaire'><a id='bg-showmore-action-69f9fc9e4d5e76080989255' class='bg-showmore-plg-link  '  style=\" color:#00ff00;;\" href='#'>Voir le sommaire<\/a><div id='bg-showmore-hidden-69f9fc9e4d5e76080989255' ><\/p>\n<p>Couverture<br \/>\nTitre<br \/>\nCopyright<br \/>\nChapitre 1 &#8211; Empreinte carbone<br \/>\nCrime contre l&rsquo;Humanit\u00e9 ?<br \/>\nPetit quiz<br \/>\nUrgence climatique ?<br \/>\nUn impact pas m\u00e9me mesurable<br \/>\nMille milliards pour \u00e9viter deux milli\u00e8mes de degr\u00e9<br \/>\nConstruire chaque jour une nouvelle centrale nucl\u00e9aire ou 1500 \u00e9oliennes\u00a0?<br \/>\nR\u00e9ponses au quiz<br \/>\nChapitre 2 &#8211; Verdissement de la terre, embellie des r\u00e9coltes, lutte contre la faim<br \/>\nAugmentation de biomasse v\u00e9g\u00e9tale<br \/>\nUne atmosph\u00e8re terrestre encore trop pauvre en CO2<br \/>\n0,01 % en un si\u00e8cle<br \/>\nLe pied de nez du C02 au confinement<br \/>\nSept mois pour \u00e9puiser les ressources annuelles de la terre<br \/>\nM\u00e9thane et \u00e9levage<br \/>\nChapitre 3 &#8211; Le C02 se pourvoit en cassation<br \/>\nGraves incertitudes des mod\u00e8les de climat<br \/>\nM\u00e9t\u00e9o et climat<br \/>\nPourquoi le GIEC ne montre-t-il pas le spectre infrarouge du CO2 atmosph\u00e9rique<br \/>\nUne contribution carbonique de 0,15\u00b0 d\u2019ici 30 ans<br \/>\nConfirmation : 0,4\u00b0 C depuis 1945<br \/>\nCalottes glaciaires, banquises, neige et niveau des oc\u00e9ans<br \/>\nHaut les c\u0153urs<br \/>\nPostlude &#8211; La bigoterie carbocondriaque<br \/>\nGlossaire<br \/>\n<\/div><\/div> <div class=\"bg-margin-for-link\"><input type='hidden' bg_collapse_expand='69f9fc9e4d5f99061508438' value='69f9fc9e4d5f99061508438'><input type='hidden' id='bg-show-more-text-69f9fc9e4d5f99061508438' value='Voir la pr\u00e9sentation \u00e9ditoriale'><input type='hidden' id='bg-show-less-text-69f9fc9e4d5f99061508438' value='Masquer la pr\u00e9sentation \u00e9ditoriale'><a id='bg-showmore-action-69f9fc9e4d5f99061508438' class='bg-showmore-plg-link  '  style=\" color:#00ff00;;\" href='#'>Voir la pr\u00e9sentation \u00e9ditoriale<\/a><div id='bg-showmore-hidden-69f9fc9e4d5f99061508438' ><\/p>\n<p>\u00ab La temp\u00e9rature de l\u2019atmosph\u00e8re s\u2019\u00e9l\u00e8vera de 9\u00b0cdurant le prochain demi-si\u00e8cle \u00bb Magazine Science &amp; Vie, num\u00e9ro 633, avril 1970<\/p>\n<p>\u00ab La banquise est en chute libre\u2026Une \u00e9tude r\u00e9cente nous avertit qu\u2019elle pourrait avoir compl\u00e8tement disparu l\u2019\u00e9t\u00e9, dans 7 ans seulement. \u00bb<\/p>\n<p>Al Gore, prix Nobel de la paix, Oslo, d\u00e9cembre 2007. Selon le GIEC, le dioxyde de carbone (CO2) \u00e9mis par l\u2019Homme est responsable du r\u00e9chauffement de la terre. Il faudrait donc d\u2019urgence<\/p>\n<p>r\u00e9duire nos \u00e9missions de CO2 si l\u2019on veut \u00e9viter un cataclysme plan\u00e9taire. Pourtant, comme le montrent les deux pr\u00e9visions cit\u00e9es plus haut, depuis plusieurs d\u00e9cennies, toutes les annonces d\u2019apocalypse ont \u00e9t\u00e9 d\u00e9menties<\/p>\n<p>par les faits. La temp\u00e9rature moyenne de la plan\u00e8te a augment\u00e9 de 1\u00b0C depuis le d\u00e9but du XXe si\u00e8cle, et la majeure partie de cette hausse (0,6\u00b0C) est intervenue entre 1910 et 1945, alors que les \u00e9missions de CO2 \u00e9taient<\/p>\n<p>encore faibles. Apr\u00e8s 1945 et jusqu\u2019en 1975, les \u00e9missions de CO2 ont beaucoup augment\u00e9\u2026 et la temp\u00e9rature moyenne a baiss\u00e9 ! Le lien entre CO2 et temp\u00e9rature moyenne est donc sans doute beaucoup<\/p>\n<p>moins \u00e9vident qu\u2019on ne le dit. Dans ce livre synth\u00e9tique, le physicien Fran\u00e7ois Gervais souligne que le CO2, gaz indispensable \u00e0 la vie, a de tr\u00e8s nombreuses vertus, notamment et surtout pour nourrir l\u2019humanit\u00e9. Il rappelle enfin quelques notions et chiffres simples pour que chacun puisse \u00e9laborer sa propre r\u00e9flexion sur le sujet.<\/p>\n<p><\/div><\/div> <div class=\"bg-margin-for-link\"><input type='hidden' bg_collapse_expand='69f9fc9e4d60c6031492584' value='69f9fc9e4d60c6031492584'><input type='hidden' id='bg-show-more-text-69f9fc9e4d60c6031492584' value='Voir des informations sur les auteurs'><input type='hidden' id='bg-show-less-text-69f9fc9e4d60c6031492584' value='Masquer les informations sur les auteurs'><a id='bg-showmore-action-69f9fc9e4d60c6031492584' class='bg-showmore-plg-link  '  style=\" color:#00ff00;;\" href='#'>Voir des informations sur les auteurs<\/a><div id='bg-showmore-hidden-69f9fc9e4d60c6031492584' ><\/p>\n<p>Biographie https:\/\/fr.wikipedia.org\/wiki\/Fran%C3%A7ois_Gervais<\/p>\n<p><\/div><\/div><\/p>\n","protected":false},"excerpt":{"rendered":"<p>Impact climatique et cons\u00e9quences : quelques points de rep\u00e8res<\/p>\n","protected":false},"author":1,"featured_media":0,"parent":0,"menu_order":0,"comment_status":"closed","ping_status":"closed","template":"","meta":[],"_links":{"self":[{"href":"https:\/\/ekosofi.fr\/index.php\/wp-json\/wp\/v2\/pages\/939"}],"collection":[{"href":"https:\/\/ekosofi.fr\/index.php\/wp-json\/wp\/v2\/pages"}],"about":[{"href":"https:\/\/ekosofi.fr\/index.php\/wp-json\/wp\/v2\/types\/page"}],"author":[{"embeddable":true,"href":"https:\/\/ekosofi.fr\/index.php\/wp-json\/wp\/v2\/users\/1"}],"replies":[{"embeddable":true,"href":"https:\/\/ekosofi.fr\/index.php\/wp-json\/wp\/v2\/comments?post=939"}],"version-history":[{"count":6,"href":"https:\/\/ekosofi.fr\/index.php\/wp-json\/wp\/v2\/pages\/939\/revisions"}],"predecessor-version":[{"id":947,"href":"https:\/\/ekosofi.fr\/index.php\/wp-json\/wp\/v2\/pages\/939\/revisions\/947"}],"wp:attachment":[{"href":"https:\/\/ekosofi.fr\/index.php\/wp-json\/wp\/v2\/media?parent=939"}],"curies":[{"name":"wp","href":"https:\/\/api.w.org\/{rel}","templated":true}]}}