{"id":916,"date":"2021-01-15T14:36:10","date_gmt":"2021-01-15T13:36:10","guid":{"rendered":"http:\/\/ekosofi.fr\/?page_id=916"},"modified":"2021-01-15T17:57:44","modified_gmt":"2021-01-15T16:57:44","slug":"drawdown","status":"publish","type":"page","link":"https:\/\/ekosofi.fr\/index.php\/drawdown\/","title":{"rendered":"Drawdown"},"content":{"rendered":"<h1><span style=\"font-size: 14pt;\">Comment inverser le cours du r\u00e9chauffement plan\u00e9taire<\/span><\/h1>\n<div class=\"bg-margin-for-link\"><input type='hidden' bg_collapse_expand='69f9fc84b5f9a9047658783' value='69f9fc84b5f9a9047658783'><input type='hidden' id='bg-show-more-text-69f9fc84b5f9a9047658783' value='Voir la notice bibliographique'><input type='hidden' id='bg-show-less-text-69f9fc84b5f9a9047658783' value='Masquer la notice bibliographique'><a id='bg-showmore-action-69f9fc84b5f9a9047658783' class='bg-showmore-plg-link  '  style=\" color:#00ff00;;\" href='#'>Voir la notice bibliographique<\/a><div id='bg-showmore-hidden-69f9fc84b5f9a9047658783' >\n<table>\n<tbody>\n<tr>\n<td width=\"215\">Auteur<br \/>\nEditeur<br \/>\nDate de parution<br \/>\nCollection<br \/>\nNombre de pages<\/td>\n<td width=\"280\">Paul Hawken<br \/>\nActes sud<br \/>\n16\/05\/2018<br \/>\nDomaine Du Possible<br \/>\n576<\/td>\n<\/tr>\n<\/tbody>\n<\/table>\n<p><\/div><\/div> <div class=\"bg-margin-for-link\"><input type='hidden' bg_collapse_expand='69f9fc84b5fc31015163255' value='69f9fc84b5fc31015163255'><input type='hidden' id='bg-show-more-text-69f9fc84b5fc31015163255' value='Voir la fiche d&apos;analyse'><input type='hidden' id='bg-show-less-text-69f9fc84b5fc31015163255' value='Masquer la fiche d&apos;analyse'><a id='bg-showmore-action-69f9fc84b5fc31015163255' class='bg-showmore-plg-link  '  style=\" color:#00ff00;;\" href='#'>Voir la fiche d&apos;analyse<\/a><div id='bg-showmore-hidden-69f9fc84b5fc31015163255' ><\/p>\n<p>En construction<\/p>\n<p><\/div><\/div> <div class=\"bg-margin-for-link\"><input type='hidden' bg_collapse_expand='69f9fc84b5fda0024284553' value='69f9fc84b5fda0024284553'><input type='hidden' id='bg-show-more-text-69f9fc84b5fda0024284553' value='Voir le sommaire'><input type='hidden' id='bg-show-less-text-69f9fc84b5fda0024284553' value='Masquer le sommaire'><a id='bg-showmore-action-69f9fc84b5fda0024284553' class='bg-showmore-plg-link  '  style=\" color:#00ff00;;\" href='#'>Voir le sommaire<\/a><div id='bg-showmore-hidden-69f9fc84b5fda0024284553' ><\/p>\n<p>Couverture<br \/>\nLe point de vue des \u00e9diteurs<br \/>\nPaul Hawken<br \/>\nDrawdown<br \/>\nAVANT-PROPOS<br \/>\nPR\u00c9FACE<br \/>\nOrigine<br \/>\nLangage<br \/>\nChiffres \u2013 (voir tableau r\u00e9capitulatif)<br \/>\nClassement des solutions<br \/>\nGigatonnes de dioxyde de carbone en moins<br \/>\nCo\u00fbt total net et \u00e9conomies d`exploitation<br \/>\nPour en savoir plus<\/p>\n<p>\u00c9NERGIE<\/p>\n<p>\u00caoliennes<br \/>\nMini-r\u00e9seaux<br \/>\nG\u00e9othermie<br \/>\nCentrales solaires<br \/>\nVoitures photovolta\u00efques<br \/>\nVagues et mar\u00e9es<br \/>\nCentrales solaires thermodynamiques<br \/>\nBiomasse<br \/>\nCog\u00e9n\u00e9ration<br \/>\nPetit \u00e9olien<br \/>\nAlexander von Humboldt &#8211; Andrea Wulf<br \/>\nDigesteurs ana\u00e9robies<br \/>\nMicro-hydro\u00e9lectricit\u00e9<br \/>\nValorisation \u00e9nerg\u00e9tique des d\u00e9chets<br \/>\nFlexibilit\u00e9 du r\u00e9seau<br \/>\nStockage de l&rsquo;\u00e9nergie (fournisseurs)<br \/>\nStockage de l&rsquo;\u00e9nergie (d\u00e9centralis\u00e9e)<br \/>\nChauffe-eau solaires H \u00e9e<\/p>\n<p>ALIMENTATION<\/p>\n<p>Alimentation riche en v\u00e9g\u00e9taux<br \/>\nRestauration des terres agricoles<br \/>\nR\u00e9duction du gaspillage alimentaire<br \/>\nCuisini\u00e8res propres<br \/>\nAgroforesterie multistrates<br \/>\nRiziculture am\u00e9lior\u00e9e<br \/>\nSylvopastoralisme<br \/>\n\u00c0 quoi bon ?<br \/>\nAgriculture r\u00e9g\u00e9n\u00e9ratrice<br \/>\nGestion des nutriments<br \/>\nSyst\u00e8me d&rsquo;agroforesterie avec cultures intercalaires<br \/>\nAgriculture de conservation<br \/>\nCompostage<br \/>\nBiochar<br \/>\nArboriculture tropicale de base<br \/>\nIrrigation des terres agricoles<br \/>\nLa moiti\u00e9 cach\u00e9e de la nature<br \/>\nGestion des p\u00e2turages<\/p>\n<p>FEMMES ET FILLES<\/p>\n<p>Femmes \u00e0 la t\u00eate de petites exploitations<br \/>\nPlanification familiale<br \/>\nEduquer les filles<\/p>\n<p>B\u00c2TIMENTS ET VILLES<\/p>\n<p>B\u00e2timents autonomes<br \/>\nVilles pi\u00e9tonnes<br \/>\nInfrastructure cycliste<br \/>\nToitures v\u00e9g\u00e9talis\u00e9es<br \/>\n\u00c9clairage aux DEL<br \/>\nPompes \u00e0 chaleur<br \/>\nVitrage intelligent<br \/>\nThermostats intelligents<br \/>\nChauffage urbain<br \/>\nValorisation du m\u00e9thane des d\u00e9charges<br \/>\nisolation<br \/>\nR\u00e9novation<br \/>\nDistribution d&rsquo;eau<br \/>\nDomotique (automatisation des b\u00e2timents)<\/p>\n<p>AFFECTATION DES TERRES<\/p>\n<p>Protection des for\u00eats<br \/>\nMilieux c\u00f4tiers humides<br \/>\nFor\u00eats tropicales<br \/>\nBambou<br \/>\nL&rsquo;homme qui arr\u00eata le d\u00e9sert<br \/>\nBiomasse p\u00e9renne<br \/>\nTourbi\u00e8res<br \/>\nGestion des terres des peuples autochtones<br \/>\nFor\u00eats temp\u00e9r\u00e9es<br \/>\nLa vie secr\u00e8te des arbres &#8211; Peter Wohlleben<br \/>\nBoisement<\/p>\n<p>TRANSPORT<\/p>\n<p>Transports en commun<br \/>\nLignes \u00e0 grande vitesse<br \/>\nNavires<br \/>\nV\u00e9hicules \u00e9lectriques<br \/>\nCovoiturage<br \/>\nV\u00e9los \u00e9lectriques<br \/>\nVoitures<br \/>\nAvions<br \/>\nCamions<br \/>\nT\u00e9l\u00e9pr\u00e9sence<br \/>\nTrains<\/p>\n<p>MAT\u00c9RIAUX<\/p>\n<p>Recyclage des d\u00e9chets m\u00e9nagers<br \/>\nRecyclage des d\u00e9chets industriels<br \/>\nCiments alternatifs<br \/>\nFluides frigorig\u00e8nes<br \/>\nRecyclage du papier<br \/>\nBioplastiques<br \/>\nHabitations \u00e9conomes en eau<\/p>\n<p>BIENTOT PR\u00c8S DE CHEZ VOUS<\/p>\n<p>Repeupler la steppe-toundra<br \/>\n\u00c9levage en syst\u00e8me mixte<br \/>\nM\u00e9t\u00e9orisation augment\u00e9e des min\u00e9raux<br \/>\nPermaculture marine<br \/>\nSylvopastoralisme intensif<br \/>\nFeuille artificielle<br \/>\nV\u00e9hicules autonomes<br \/>\n\u00c9nergie houlomotrice par semi-conducteurs<br \/>\nB\u00e3timents vivants<br \/>\nLes pr\u00e9alables<br \/>\nSur la sauvegarde de la maison commune &#8211; Pape Fran\u00e7ois<br \/>\nCaptage direct de l&rsquo;air<br \/>\nFusion hydrog\u00e8ne-bore<br \/>\nAutoroutes intelligentes<br \/>\nHyperloop<br \/>\nAgriculture microbienne<br \/>\nChanvre industriel<br \/>\nCultures p\u00e9rennes<br \/>\nUne vache sur la plage<br \/>\nFermes marines &#8211; Bren Smith<br \/>\nR\u00e9seaux intelligents<br \/>\nConstructions en bois<br \/>\nR\u00e9ciprocit\u00e9 &#8211; Janine Benyus<\/p>\n<p>UNE OUVERTURE<br \/>\nM\u00c9THODOLOGIE<\/p>\n<p>Hypotheses genera\u0153s<br \/>\nDynamiques du syst\u00e8me<br \/>\nDouble comptabilisation<br \/>\nEffet rebond<br \/>\nEn savoir plus sur nos recherches<\/p>\n<p>QUE NOUS DISENT LES CHIFFRES ?<\/p>\n<p>R\u00c9CAPITULATIF DES SOLUTIONS SELON LEUR RANG<\/p>\n<p>R\u00c9CAPITULATIF DES SOLUTIONS PAR SECTEURS<\/p>\n<p>QUI SOMMES-NOUS ? LA COALITION<\/p>\n<p>REMERCIEMENTS<\/p>\n<p>CR\u00c9DITS PHOTOGRAPHIQUES<\/p>\n<p>Index<\/p>\n<p><\/div><\/div> <div class=\"bg-margin-for-link\"><input type='hidden' bg_collapse_expand='69f9fc84b5ff48027777422' value='69f9fc84b5ff48027777422'><input type='hidden' id='bg-show-more-text-69f9fc84b5ff48027777422' value='Voir la pr\u00e9sentation \u00e9ditoriale'><input type='hidden' id='bg-show-less-text-69f9fc84b5ff48027777422' value='Masquer la pr\u00e9sentation \u00e9ditoriale'><a id='bg-showmore-action-69f9fc84b5ff48027777422' class='bg-showmore-plg-link  '  style=\" color:#00ff00;;\" href='#'>Voir la pr\u00e9sentation \u00e9ditoriale<\/a><div id='bg-showmore-hidden-69f9fc84b5ff48027777422' ><\/p>\n<p>De plus en plus de citoyens sont convaincus de la r\u00e9alit\u00e9 du changement climatique et de ses causes anthropiques. Vu l&rsquo;urgence, il est bienvenu de pr\u00e9senter des solutions pratiques allant au-del\u00e0 de l&rsquo;implantation de \u00ab panneaux solaires et d&rsquo;ampoules de basse consommation \u00bb. R\u00e9dig\u00e9 par 70 acteurs de la recherche et des politiques publiques, ce livre pr\u00e9sente un plan pour inverser en trente ans l&rsquo;augmentation de la concentration du dioxyde de carbone dans l&rsquo;atmosph\u00e8re. Tous ces acteurs sont membres d&rsquo;un r\u00e9seau coordonn\u00e9 par Paul Hawken, un sp\u00e9cialiste de l&rsquo;environnement qui ne m\u00e2che pas ses mots : \u00ab Il est certes difficile d&rsquo;assister \u00e0 l&rsquo;effondrement toujours plus rapide de nos syst\u00e8mes environnementaux ou d&rsquo;\u00eatre t\u00e9moin de la d\u00e9sint\u00e9gration mondiale de la civilisation qui se fracture en partis, en id\u00e9ologies et en guerres. Ce qui nous attend n&rsquo;est pas le choix d&rsquo;un camp ou de l&rsquo;autre, mais la prise de conscience que nous sommes les gardiens de la plan\u00e8te. Soit nous lutterons, tous ensemble, contre le r\u00e9chauffement plan\u00e9taire, soit, selon toute probabilit\u00e9, notre esp\u00e8ce dispara\u00eetra. \u00bb<\/p>\n<p>Quatre-vingts propositions concr\u00e8tes sur l&rsquo;\u00e9nergie, l&rsquo;alimentation, le b\u00e2timent, l&rsquo;agronomie, le transport sont pass\u00e9es en revue. Leur contribution \u00e0 l&rsquo;ensemble du projet est chiffr\u00e9e. Certaines des mesures propos\u00e9es dans cette feuille de route \u00e0 l&rsquo;usage des gouvernements, des collectivit\u00e9s et des particuliers sont inattendues : \u00e9ducation des filles, planning familial&#8230; Leur efficacit\u00e9 dans la r\u00e9duction de la concentration atmosph\u00e9rique de dioxyde de carbone serait pourtant premi\u00e8re !<\/p>\n<p><\/div><\/div> <div class=\"bg-margin-for-link\"><input type='hidden' bg_collapse_expand='69f9fc84b60073014178495' value='69f9fc84b60073014178495'><input type='hidden' id='bg-show-more-text-69f9fc84b60073014178495' value='Voir des informations sur l\u2019auteur'><input type='hidden' id='bg-show-less-text-69f9fc84b60073014178495' value='Masquer les informations sur l\u2019auteur'><a id='bg-showmore-action-69f9fc84b60073014178495' class='bg-showmore-plg-link  '  style=\" color:#00ff00;;\" href='#'>Voir des informations sur l\u2019auteur<\/a><div id='bg-showmore-hidden-69f9fc84b60073014178495' ><\/p>\n<p>Biographie : https:\/\/fr.wikipedia.org\/wiki\/Paul_Hawken<\/p>\n<p><\/div><\/div><\/p>\n","protected":false},"excerpt":{"rendered":"<p>Comment inverser le cours du r\u00e9chauffement plan\u00e9taire<\/p>\n","protected":false},"author":1,"featured_media":0,"parent":0,"menu_order":0,"comment_status":"closed","ping_status":"closed","template":"","meta":[],"_links":{"self":[{"href":"https:\/\/ekosofi.fr\/index.php\/wp-json\/wp\/v2\/pages\/916"}],"collection":[{"href":"https:\/\/ekosofi.fr\/index.php\/wp-json\/wp\/v2\/pages"}],"about":[{"href":"https:\/\/ekosofi.fr\/index.php\/wp-json\/wp\/v2\/types\/page"}],"author":[{"embeddable":true,"href":"https:\/\/ekosofi.fr\/index.php\/wp-json\/wp\/v2\/users\/1"}],"replies":[{"embeddable":true,"href":"https:\/\/ekosofi.fr\/index.php\/wp-json\/wp\/v2\/comments?post=916"}],"version-history":[{"count":4,"href":"https:\/\/ekosofi.fr\/index.php\/wp-json\/wp\/v2\/pages\/916\/revisions"}],"predecessor-version":[{"id":927,"href":"https:\/\/ekosofi.fr\/index.php\/wp-json\/wp\/v2\/pages\/916\/revisions\/927"}],"wp:attachment":[{"href":"https:\/\/ekosofi.fr\/index.php\/wp-json\/wp\/v2\/media?parent=916"}],"curies":[{"name":"wp","href":"https:\/\/api.w.org\/{rel}","templated":true}]}}