{"id":907,"date":"2021-01-15T11:53:58","date_gmt":"2021-01-15T10:53:58","guid":{"rendered":"http:\/\/ekosofi.fr\/?page_id=907"},"modified":"2021-01-15T12:39:07","modified_gmt":"2021-01-15T11:39:07","slug":"lhumanite-en-peril","status":"publish","type":"page","link":"https:\/\/ekosofi.fr\/index.php\/fiches-de-lecture\/lhumanite-en-peril\/","title":{"rendered":"L\u2019humanit\u00e9 en p\u00e9ril"},"content":{"rendered":"<div class=\"bg-margin-for-link\"><input type='hidden' bg_collapse_expand='69f9fc9ebb5ee4092988466' value='69f9fc9ebb5ee4092988466'><input type='hidden' id='bg-show-more-text-69f9fc9ebb5ee4092988466' value='Voir la notice bibliographique'><input type='hidden' id='bg-show-less-text-69f9fc9ebb5ee4092988466' value='Masquer la notice bibliographique'><a id='bg-showmore-action-69f9fc9ebb5ee4092988466' class='bg-showmore-plg-link  '  style=\" color:#00ff00;;\" href='#'>Voir la notice bibliographique<\/a><div id='bg-showmore-hidden-69f9fc9ebb5ee4092988466' >\n<table style=\"width: 154.385%;\">\n<tbody>\n<tr>\n<td style=\"width: 40.201%; vertical-align: top;\" width=\"151\"><span style=\"font-family: times new roman, times, serif;\">Auteur\u00a0<\/span><br \/>\n<span style=\"font-family: times new roman, times, serif;\">Editeur\u00a0<\/span><br \/>\n<span style=\"font-family: times new roman, times, serif;\">Date de parution\u00a0<\/span><br \/>\n<span style=\"font-family: times new roman, times, serif;\">Format\u00a0<\/span><br \/>\n<span style=\"font-family: times new roman, times, serif;\">Nombre de pages\u00a0<\/span><\/td>\n<td style=\"width: 162.312%; vertical-align: top;\" width=\"123\"><span style=\"font-family: times new roman, times, serif;\">Fred Vargas<\/span><br \/>\n<span style=\"font-family: times new roman, times, serif;\">Flammarion<\/span><br \/>\n<span style=\"font-family: times new roman, times, serif;\">01\/05\/2019<\/span><br \/>\n<span style=\"font-family: times new roman, times, serif;\">13cm x 21cm<\/span><br \/>\n<span style=\"font-family: times new roman, times, serif;\">256<\/span><\/td>\n<td style=\"width: 125.126%;\" width=\"908\"><\/td>\n<\/tr>\n<\/tbody>\n<\/table>\n<p><\/div><\/div> <div class=\"bg-margin-for-link\"><input type='hidden' bg_collapse_expand='69f9fc9ebb6171020099368' value='69f9fc9ebb6171020099368'><input type='hidden' id='bg-show-more-text-69f9fc9ebb6171020099368' value='Voir la fiche d&apos;analyse'><input type='hidden' id='bg-show-less-text-69f9fc9ebb6171020099368' value='Masquer la fiche d&apos;analyse'><a id='bg-showmore-action-69f9fc9ebb6171020099368' class='bg-showmore-plg-link  '  style=\" color:#00ff00;;\" href='#'>Voir la fiche d&apos;analyse<\/a><div id='bg-showmore-hidden-69f9fc9ebb6171020099368' ><\/p>\n<p>En construction<\/p>\n<p><\/div><\/div> <div class=\"bg-margin-for-link\"><input type='hidden' bg_collapse_expand='69f9fc9ebb62b5025696072' value='69f9fc9ebb62b5025696072'><input type='hidden' id='bg-show-more-text-69f9fc9ebb62b5025696072' value='Voir le sommaire'><input type='hidden' id='bg-show-less-text-69f9fc9ebb62b5025696072' value='Masquer le sommaire'><a id='bg-showmore-action-69f9fc9ebb62b5025696072' class='bg-showmore-plg-link  '  style=\" color:#00ff00;;\" href='#'>Voir le sommaire<\/a><div id='bg-showmore-hidden-69f9fc9ebb62b5025696072' ><\/p>\n<p>En construction<\/p>\n<p><\/div><\/div> <div class=\"bg-margin-for-link\"><input type='hidden' bg_collapse_expand='69f9fc9ebb63d0000488553' value='69f9fc9ebb63d0000488553'><input type='hidden' id='bg-show-more-text-69f9fc9ebb63d0000488553' value='Voir la pr\u00e9sentation \u00e9ditoriale'><input type='hidden' id='bg-show-less-text-69f9fc9ebb63d0000488553' value='Masquer la pr\u00e9sentation \u00e9ditoriale'><a id='bg-showmore-action-69f9fc9ebb63d0000488553' class='bg-showmore-plg-link  '  style=\" color:#00ff00;;\" href='#'>Voir la pr\u00e9sentation \u00e9ditoriale<\/a><div id='bg-showmore-hidden-69f9fc9ebb63d0000488553' ><\/p>\n<p>En construction<\/p>\n<p><\/div><\/div> <div class=\"bg-margin-for-link\"><input type='hidden' bg_collapse_expand='69f9fc9ebb64f9004563600' value='69f9fc9ebb64f9004563600'><input type='hidden' id='bg-show-more-text-69f9fc9ebb64f9004563600' value='Voir des informations sur l&apos;auteure'><input type='hidden' id='bg-show-less-text-69f9fc9ebb64f9004563600' value='Masquer les informations sur l&apos;auteure'><a id='bg-showmore-action-69f9fc9ebb64f9004563600' class='bg-showmore-plg-link  '  style=\" color:#00ff00;;\" href='#'>Voir des informations sur l&apos;auteure<\/a><div id='bg-showmore-hidden-69f9fc9ebb64f9004563600' ><\/p>\n<p>Biographie : https:\/\/fr.wikipedia.org\/wiki\/Fred_Vargas<\/p>\n<p><\/div><\/div><\/p>\n","protected":false},"excerpt":{"rendered":"","protected":false},"author":1,"featured_media":0,"parent":453,"menu_order":0,"comment_status":"closed","ping_status":"closed","template":"","meta":[],"_links":{"self":[{"href":"https:\/\/ekosofi.fr\/index.php\/wp-json\/wp\/v2\/pages\/907"}],"collection":[{"href":"https:\/\/ekosofi.fr\/index.php\/wp-json\/wp\/v2\/pages"}],"about":[{"href":"https:\/\/ekosofi.fr\/index.php\/wp-json\/wp\/v2\/types\/page"}],"author":[{"embeddable":true,"href":"https:\/\/ekosofi.fr\/index.php\/wp-json\/wp\/v2\/users\/1"}],"replies":[{"embeddable":true,"href":"https:\/\/ekosofi.fr\/index.php\/wp-json\/wp\/v2\/comments?post=907"}],"version-history":[{"count":4,"href":"https:\/\/ekosofi.fr\/index.php\/wp-json\/wp\/v2\/pages\/907\/revisions"}],"predecessor-version":[{"id":909,"href":"https:\/\/ekosofi.fr\/index.php\/wp-json\/wp\/v2\/pages\/907\/revisions\/909"}],"up":[{"embeddable":true,"href":"https:\/\/ekosofi.fr\/index.php\/wp-json\/wp\/v2\/pages\/453"}],"wp:attachment":[{"href":"https:\/\/ekosofi.fr\/index.php\/wp-json\/wp\/v2\/media?parent=907"}],"curies":[{"name":"wp","href":"https:\/\/api.w.org\/{rel}","templated":true}]}}