{"id":722,"date":"2021-01-14T10:38:57","date_gmt":"2021-01-14T09:38:57","guid":{"rendered":"http:\/\/ekosofi.fr\/?page_id=722"},"modified":"2021-01-15T11:36:16","modified_gmt":"2021-01-15T10:36:16","slug":"le-livre-du-climat","status":"publish","type":"page","link":"https:\/\/ekosofi.fr\/index.php\/le-livre-du-climat\/","title":{"rendered":"Le livre du climat"},"content":{"rendered":"<div class=\"bg-margin-for-link\"><input type='hidden' bg_collapse_expand='69f9fc9f45bf23041972399' value='69f9fc9f45bf23041972399'><input type='hidden' id='bg-show-more-text-69f9fc9f45bf23041972399' value='Voir la notice bibliographique'><input type='hidden' id='bg-show-less-text-69f9fc9f45bf23041972399' value='Masquer la notice bibliographique'><a id='bg-showmore-action-69f9fc9f45bf23041972399' class='bg-showmore-plg-link  '  style=\" color:#00ff00;;\" href='#'>Voir la notice bibliographique<\/a><div id='bg-showmore-hidden-69f9fc9f45bf23041972399' ><\/p>\n<table style=\"width: 72.5862%;\">\n<tbody>\n<tr>\n<td style=\"width: 33.7931%; height: 20px;\" rowspan=\"6\" width=\"151\"><span style=\"font-family: times new roman, times, serif;\">Auteur<\/span><br \/>\n<span style=\"font-family: times new roman, times, serif;\">Traductrice<\/span><br \/>\n<span style=\"font-family: times new roman, times, serif;\">Editeur<\/span><br \/>\n<span style=\"font-family: times new roman, times, serif;\">Date de parution<\/span><br \/>\n<span style=\"font-family: times new roman, times, serif;\">Format<\/span><br \/>\n<span style=\"font-family: times new roman, times, serif;\">Nombre de pages<\/span><\/td>\n<td style=\"width: 38.6207%; height: 20px;\" rowspan=\"6\" width=\"170\"><span style=\"font-family: times new roman, times, serif;\">Esther Gonstalla<\/span><br \/>\n<span style=\"font-family: times new roman, times, serif;\">Emmanuelle Urien<\/span><br \/>\n<span style=\"font-family: times new roman, times, serif;\">Plume De Carotte Eds<\/span><br \/>\n<span style=\"font-family: times new roman, times, serif;\">04\/06\/2020<\/span><br \/>\n<span style=\"font-family: times new roman, times, serif;\">21cm x 29cm<\/span><br \/>\n<span style=\"font-family: times new roman, times, serif;\">118<\/span><\/td>\n<\/tr>\n<\/tbody>\n<\/table>\n<p><\/div><\/div>\n<div class=\"bg-margin-for-link\"><input type='hidden' bg_collapse_expand='69f9fc9f45c1b3076798896' value='69f9fc9f45c1b3076798896'><input type='hidden' id='bg-show-more-text-69f9fc9f45c1b3076798896' value='Voir la fiche d&apos;analyse'><input type='hidden' id='bg-show-less-text-69f9fc9f45c1b3076798896' value='Masquer la fiche d&apos;analyse'><a id='bg-showmore-action-69f9fc9f45c1b3076798896' class='bg-showmore-plg-link  '  style=\" color:#00ff00;;\" href='#'>Voir la fiche d&apos;analyse<\/a><div id='bg-showmore-hidden-69f9fc9f45c1b3076798896' ><br \/>\n<span style=\"font-family: arial, helvetica, sans-serif;\">En cours de r\u00e9daction<\/span><\/p>\n<p><\/div><\/div>\n<div class=\"bg-margin-for-link\"><input type='hidden' bg_collapse_expand='69f9fc9f45c311013573740' value='69f9fc9f45c311013573740'><input type='hidden' id='bg-show-more-text-69f9fc9f45c311013573740' value='Voir la pr\u00e9sentation \u00e9ditoriale'><input type='hidden' id='bg-show-less-text-69f9fc9f45c311013573740' value='Masquer la pr\u00e9sentation \u00e9ditoriale'><a id='bg-showmore-action-69f9fc9f45c311013573740' class='bg-showmore-plg-link  '  style=\" color:#00ff00;;\" href='#'>Voir la pr\u00e9sentation \u00e9ditoriale<\/a><div id='bg-showmore-hidden-69f9fc9f45c311013573740' ><br \/>\nTout ce que vous devez savoir en 50 graphiques !<br \/>\nVoici l&rsquo;atlas graphique du th\u00e8me du XXIe si\u00e8cle ! Le changement climatique est un ph\u00e9nom\u00e8ne tr\u00e8s complexe dont les effets multiformes sont difficiles \u00e0 comprendre. Ce livre explique tout cela clairement et simplement en 50 graphiques.<br \/>\nS\u00e9cheresse et vagues de chaleur, mais aussi p\u00e9riodes de froid, inondations et fortes pluies : la crise climatique est devenue un probl\u00e8me mondial que personne ne peut plus ignorer.<br \/>\nC&rsquo;est ici qu&rsquo;intervient Le livre du climat : avec le soutien de nombreux scientifiques, l&rsquo;auteure a transform\u00e9 les donn\u00e9es scientifiques complexes sur le changement climatique en infographies faciles \u00e0 comprendre, \u00e0 destination de ceux qui veulent non seulement comprendre, mais aussi agir.<br \/>\nUn livre de base pour les citoyens int\u00e9ress\u00e9s, les \u00e9l\u00e8ves et les \u00e9tudiants, les politiciens et tous les jeunes militants de \u00a0\u00bb La Gr\u00e8ve mondiale pour le futur \u00ab\u00a0, ou d&apos;\u00a0\u00bb Extinction R\u00e9bellion \u00ab\u00a0.<br \/>\nQuelles sont les causes et les effets du r\u00e9chauffement climatique ? Quelle est la force d&rsquo;influence de l&rsquo;Homme ? Que peut-on faire pour lutter contre le changement climatique ? Pour r\u00e9pondre \u00e0 ces questions et \u00e0 bien d&rsquo;autres, l&rsquo;auteure a compil\u00e9 et synth\u00e9tis\u00e9 en infographies claires et lumineuses d&rsquo;innombrables \u00e9tudes et donn\u00e9es. Attachant une importance particuli\u00e8re \u00e0 la pr\u00e9sentation des solutions, elle nous montre ce que chaque individu peut faire et ce qui doit se passer en politique et en \u00e9conomie pour maintenir un climat viable pour tous.<\/p>\n<p><\/div><\/div>\n<div class=\"bg-margin-for-link\"><input type='hidden' bg_collapse_expand='69f9fc9f45c472002129186' value='69f9fc9f45c472002129186'><input type='hidden' id='bg-show-more-text-69f9fc9f45c472002129186' value='Voir le sommaire'><input type='hidden' id='bg-show-less-text-69f9fc9f45c472002129186' value='Masquer le sommaire'><a id='bg-showmore-action-69f9fc9f45c472002129186' class='bg-showmore-plg-link  '  style=\" color:#00ff00;;\" href='#'>Voir le sommaire<\/a><div id='bg-showmore-hidden-69f9fc9f45c472002129186' ><\/p>\n<p>En construction<\/p>\n<p><\/div><\/div>\n<div class=\"bg-margin-for-link\"><input type='hidden' bg_collapse_expand='69f9fc9f45c587080023449' value='69f9fc9f45c587080023449'><input type='hidden' id='bg-show-more-text-69f9fc9f45c587080023449' value='Voir des informations sur l&apos;auteur'><input type='hidden' id='bg-show-less-text-69f9fc9f45c587080023449' value='Masquer les informations sur l&apos;auteur'><a id='bg-showmore-action-69f9fc9f45c587080023449' class='bg-showmore-plg-link  '  style=\" color:#00ff00;;\" href='#'>Voir des informations sur l&apos;auteur<\/a><div id='bg-showmore-hidden-69f9fc9f45c587080023449' ><\/p>\n<p>Esther Gonstalla est une conceptrice-illustratrice prim\u00e9e par <em>The Atom Book<\/em>. Tr\u00e8s sollicit\u00e9e pour son utilisation de l&rsquo;infographie afin de rendre les faits plus beaux et plus clairs, elle travaille notamment pour la revue <em>National Geographic<\/em>.<\/p>\n<p><\/div><\/div>\n","protected":false},"excerpt":{"rendered":"","protected":false},"author":1,"featured_media":0,"parent":0,"menu_order":0,"comment_status":"closed","ping_status":"closed","template":"","meta":[],"_links":{"self":[{"href":"https:\/\/ekosofi.fr\/index.php\/wp-json\/wp\/v2\/pages\/722"}],"collection":[{"href":"https:\/\/ekosofi.fr\/index.php\/wp-json\/wp\/v2\/pages"}],"about":[{"href":"https:\/\/ekosofi.fr\/index.php\/wp-json\/wp\/v2\/types\/page"}],"author":[{"embeddable":true,"href":"https:\/\/ekosofi.fr\/index.php\/wp-json\/wp\/v2\/users\/1"}],"replies":[{"embeddable":true,"href":"https:\/\/ekosofi.fr\/index.php\/wp-json\/wp\/v2\/comments?post=722"}],"version-history":[{"count":8,"href":"https:\/\/ekosofi.fr\/index.php\/wp-json\/wp\/v2\/pages\/722\/revisions"}],"predecessor-version":[{"id":904,"href":"https:\/\/ekosofi.fr\/index.php\/wp-json\/wp\/v2\/pages\/722\/revisions\/904"}],"wp:attachment":[{"href":"https:\/\/ekosofi.fr\/index.php\/wp-json\/wp\/v2\/media?parent=722"}],"curies":[{"name":"wp","href":"https:\/\/api.w.org\/{rel}","templated":true}]}}