{"id":649,"date":"2021-01-11T12:18:57","date_gmt":"2021-01-11T11:18:57","guid":{"rendered":"http:\/\/ekosofi.fr\/?page_id=649"},"modified":"2021-01-15T14:17:12","modified_gmt":"2021-01-15T13:17:12","slug":"le-co2-est-bon-pour-la-planete","status":"publish","type":"page","link":"https:\/\/ekosofi.fr\/index.php\/le-co2-est-bon-pour-la-planete\/","title":{"rendered":"Le CO2 est bon pour la plan\u00e8te"},"content":{"rendered":"\r\n<div class=\"bg-margin-for-link\"><input type='hidden' bg_collapse_expand='69f9fc760c1480033045745' value='69f9fc760c1480033045745'><input type='hidden' id='bg-show-more-text-69f9fc760c1480033045745' value='Voir la notice bibliographique'><input type='hidden' id='bg-show-less-text-69f9fc760c1480033045745' value='Masquer la notice bibliographique'><a id='bg-showmore-action-69f9fc760c1480033045745' class='bg-showmore-plg-link  '  style=\" color:#00ff00;;\" href='#'>Voir la notice bibliographique<\/a><div id='bg-showmore-hidden-69f9fc760c1480033045745' ><\/p>\r\n\r\n\r\n\r\n<figure class=\"wp-block-table\">\r\n<table style=\"width: 71.65%; height: 114px;\">\r\n<tbody>\r\n<tr>\r\n<td style=\"width: 30.4719%; vertical-align: top;\" rowspan=\"5\"><span style=\"font-family: times new roman, times, serif;\">Auteur<\/span><br \/><span style=\"font-family: times new roman, times, serif;\">Editeur<\/span><br \/><span style=\"font-family: times new roman, times, serif;\">Date de parution<\/span><br \/><span style=\"font-family: times new roman, times, serif;\">Format<\/span><br \/><span style=\"font-family: times new roman, times, serif;\">Nombre de pages<\/span><\/td>\r\n<td style=\"width: 40.9808%; vertical-align: top;\" rowspan=\"5\"><span style=\"font-family: times new roman, times, serif;\">Christian Gerondeau<\/span><br \/><span style=\"font-family: times new roman, times, serif;\">L&rsquo;artilleur<\/span><br \/><span style=\"font-family: times new roman, times, serif;\">27\/02\/2019<\/span><br \/><span style=\"font-family: times new roman, times, serif;\">12cm x 18cm<\/span><\/td>\r\n<\/tr>\r\n<\/tbody>\r\n<\/table>\r\n<p><\/div><\/div>\r\n<\/figure>\r\n\r\n\r\n\r\n<div class=\"bg-margin-for-link\"><input type='hidden' bg_collapse_expand='69f9fc760c1700042215844' value='69f9fc760c1700042215844'><input type='hidden' id='bg-show-more-text-69f9fc760c1700042215844' value='Voir la fiche d&apos;analyse'><input type='hidden' id='bg-show-less-text-69f9fc760c1700042215844' value='Masquer la fiche d&apos;analyse'><a id='bg-showmore-action-69f9fc760c1700042215844' class='bg-showmore-plg-link  '  style=\" color:#00ff00;;\" href='#'>Voir la fiche d&apos;analyse<\/a><div id='bg-showmore-hidden-69f9fc760c1700042215844' ><\/p>\r\n\r\n\r\n\r\n<p>Les th\u00e8ses de l\u2019auteur peuvent se r\u00e9sumer dans ces quelques affirmations\u00a0:<br \/>&#8211; Il n\u2019y a pas de liens av\u00e9r\u00e9s entre augmentation de la teneur de l\u2019atmosph\u00e8re en gaz \u00e0 effet de serre et r\u00e9chauffement climatique<br \/>&#8211; L\u2019hypoth\u00e8se du lien entre CO2 et r\u00e9chauffement est le fruit d\u2019une imposture des organismes internationaux (GIEC, Banque mondiale, COP, Eglise catholique, ONGs)<br \/>&#8211; L\u2019augmentation de la teneur de l\u2019atmosph\u00e8re en dioxyde de carbone est b\u00e9n\u00e9fique pour l\u2019agriculture (20% d\u2019augmentation des rendements)<br \/>&#8211; L\u2019augmentation de la teneur de l\u2019atmosph\u00e8re en dioxyde de carbone est in\u00e9luctable compte tenu des plans d\u2019\u00e9lectrification de pays en d\u00e9veloppement et b\u00e9n\u00e9fique pour l\u2019humanit\u00e9<br \/>&#8211; Les politiques d\u2019att\u00e9nuation de la teneur en gaz \u00e0 effet de serre sont vou\u00e9es \u00e0 l\u2019\u00e9chec malgr\u00e9 leur co\u00fbt consid\u00e9rable<\/p>\r\n<p><\/div><\/div>\r\n<div class=\"bg-margin-for-link\"><input type='hidden' bg_collapse_expand='69f9fc760c1860030117035' value='69f9fc760c1860030117035'><input type='hidden' id='bg-show-more-text-69f9fc760c1860030117035' value='Voir la pr\u00e9sentation \u00e9ditoriale'><input type='hidden' id='bg-show-less-text-69f9fc760c1860030117035' value='Masquer la pr\u00e9sentation \u00e9ditoriale'><a id='bg-showmore-action-69f9fc760c1860030117035' class='bg-showmore-plg-link  '  style=\" color:#00ff00;;\" href='#'>Voir la pr\u00e9sentation \u00e9ditoriale<\/a><div id='bg-showmore-hidden-69f9fc760c1860030117035' ><\/p>\r\n\r\n\r\n\r\n\r\n\r\n<p>Depuis 1990 les \u00e9missions de CO2 des pays en voie de d\u00e9veloppement ont tripl\u00e9, et deux milliards d\u2019\u00eatres humains sont sortis de la pauvret\u00e9. Les deux ph\u00e9nom\u00e8nes sont indissolublement li\u00e9s.<\/p>\r\n<p>En favorisant la photosynth\u00e8se, le CO2 contribue en outre massivement \u00e0 la lutte contre la faim dans le monde. Ainsi, l\u2019augmentation de plus de 40 % de sa pr\u00e9sence dans l\u2019atmosph\u00e8re a-t-elle accru \u00e0 elle seule la production mondiale de c\u00e9r\u00e9ales de 600 millions de tonnes par an, soit 80 kilos par \u00eatre humain !<\/p>\r\n<p>Face \u00e0 ces avantages, y a-t-il lieu de craindre un r\u00e9chauffement massif de notre plan\u00e8te ? Les donn\u00e9es qui ouvrent le livre montrent sans ambigu\u00eft\u00e9s que les annonces de hausse brutale qui ont cours depuis trente ans sont d\u00e9menties par les faits.<\/p>\r\n<p>Ce qui est certain en revanche, c\u2019est que nous gaspillons des dizaines de milliards d\u2019euros en voulant r\u00e9duire nos rejets de CO2. Les \u00e9missions annuelles de notre pays repr\u00e9sentent un dix-milli\u00e8me (1\/10000) de la masse de CO2 pr\u00e9sente dans l\u2019atmosph\u00e8re terrestre, et celles de l\u2019Union Europ\u00e9enne un milli\u00e8me (1\/1000). Ce que nous faisons ne sert \u00e0 rien.<\/p>\r\n<p>Ce livre d\u00e9monte l\u2019une des psychoses majeures de notre \u00e9poque, dont il d\u00e9crit l\u2019origine, les m\u00e9canismes et les b\u00e9n\u00e9ficiaires.<\/p>\r\n<p><\/div><\/div>\r\n<div class=\"bg-margin-for-link\"><input type='hidden' bg_collapse_expand='69f9fc760c19f0024871358' value='69f9fc760c19f0024871358'><input type='hidden' id='bg-show-more-text-69f9fc760c19f0024871358' value='Voir le sommaire'><input type='hidden' id='bg-show-less-text-69f9fc760c19f0024871358' value='Masquer le sommaire'><a id='bg-showmore-action-69f9fc760c19f0024871358' class='bg-showmore-plg-link  '  style=\" color:#00ff00;;\" href='#'>Voir le sommaire<\/a><div id='bg-showmore-hidden-69f9fc760c19f0024871358' ><\/p>\r\n\r\n\r\n\r\n\r\n\r\n<p>Avant-propos<br \/>INTRODUCTION &#8211; Trois figures qui disent tout<br \/>CHAPITRE I &#8211; Un Credo plan\u00e9taire<br \/>CHAPITRE Il &#8211; Les \u00e9nergies renouvelables : comment faire dire \u00e0 plus de 1000 experts le contraire de ce qu\u2019ils pensent<br \/>CHAPITRE Ill &#8211; Les barbecues de la mort<br \/>CHAPITRE IV &#8211; Les deux Papes et le Cardinal<br \/>CHAPITRE V &#8211; La religion verte<br \/>CHAPITRE VI &#8211; 30 ans de verrouillage<br \/>CHAPITRE VII &#8211; Pourquoi Poutine n&rsquo;y cro\u00eet pas<br \/>CHAPITRE VIII &#8211; L&rsquo;Agence internationale de l\u2019\u00e9nergie<br \/>CHAPITRE IX &#8211; La fin de la faim<br \/>CHAPITRE X &#8211; La Banque Mondiale saisie par l\u2019id\u00e9ologie<br \/>CHAPITRE XI &#8211; Les transports, d\u00e9sastre national<br \/>CHAPITRE XII &#8211; Transition \u00e9nerg\u00e9tique : la grande illusion<br \/>Conclusion<br \/>Figures<\/p>\r\n<p><\/div><\/div>\r\n\r\n\r\n\r\n\r\n\r\n<div class=\"bg-margin-for-link\"><input type='hidden' bg_collapse_expand='69f9fc760c1b14049006709' value='69f9fc760c1b14049006709'><input type='hidden' id='bg-show-more-text-69f9fc760c1b14049006709' value='Voir des informations sur l&apos;auteur'><input type='hidden' id='bg-show-less-text-69f9fc760c1b14049006709' value='Masquer les informations sur l&apos;auteur'><a id='bg-showmore-action-69f9fc760c1b14049006709' class='bg-showmore-plg-link  '  style=\" color:#00ff00;;\" href='#'>Voir des informations sur l&apos;auteur<\/a><div id='bg-showmore-hidden-69f9fc760c1b14049006709' ><\/p>\r\n<p>Biographie <a href=\"https:\/\/fr.wikipedia.org\/wiki\/Christian_Gerondeau\" target=\"_blank\" rel=\"noreferrer noopener\">https:\/\/fr.wikipedia.org\/wiki\/Christian_Gerondeau<\/a><\/p>\r\n<p><\/div><\/div>\r\n","protected":false},"excerpt":{"rendered":"","protected":false},"author":1,"featured_media":0,"parent":0,"menu_order":0,"comment_status":"closed","ping_status":"closed","template":"","meta":[],"_links":{"self":[{"href":"https:\/\/ekosofi.fr\/index.php\/wp-json\/wp\/v2\/pages\/649"}],"collection":[{"href":"https:\/\/ekosofi.fr\/index.php\/wp-json\/wp\/v2\/pages"}],"about":[{"href":"https:\/\/ekosofi.fr\/index.php\/wp-json\/wp\/v2\/types\/page"}],"author":[{"embeddable":true,"href":"https:\/\/ekosofi.fr\/index.php\/wp-json\/wp\/v2\/users\/1"}],"replies":[{"embeddable":true,"href":"https:\/\/ekosofi.fr\/index.php\/wp-json\/wp\/v2\/comments?post=649"}],"version-history":[{"count":42,"href":"https:\/\/ekosofi.fr\/index.php\/wp-json\/wp\/v2\/pages\/649\/revisions"}],"predecessor-version":[{"id":915,"href":"https:\/\/ekosofi.fr\/index.php\/wp-json\/wp\/v2\/pages\/649\/revisions\/915"}],"wp:attachment":[{"href":"https:\/\/ekosofi.fr\/index.php\/wp-json\/wp\/v2\/media?parent=649"}],"curies":[{"name":"wp","href":"https:\/\/api.w.org\/{rel}","templated":true}]}}