{"id":618,"date":"2021-01-08T19:05:28","date_gmt":"2021-01-08T18:05:28","guid":{"rendered":"http:\/\/ekosofi.fr\/?page_id=618"},"modified":"2021-01-30T18:51:45","modified_gmt":"2021-01-30T17:51:45","slug":"le-changement-climatique-explique-a-ma-fille","status":"publish","type":"page","link":"https:\/\/ekosofi.fr\/index.php\/fiches-de-lecture\/le-changement-climatique-explique-a-ma-fille\/","title":{"rendered":"Le Changement climatique expliqu\u00e9 \u00e0 ma fille"},"content":{"rendered":"<p><a name=\"_Toc60936587\"><\/a><div class=\"bg-margin-for-link\"><input type='hidden' bg_collapse_expand='69f9fc70003f29012735647' value='69f9fc70003f29012735647'><input type='hidden' id='bg-show-more-text-69f9fc70003f29012735647' value='Voir la notice bibliographique'><input type='hidden' id='bg-show-less-text-69f9fc70003f29012735647' value='Masquer la notice bibliographique'><a id='bg-showmore-action-69f9fc70003f29012735647' class='bg-showmore-plg-link  '  style=\" color:#00ff00;;\" href='#'>Voir la notice bibliographique<\/a><div id='bg-showmore-hidden-69f9fc70003f29012735647' ><\/p>\n<table>\n<tbody>\n<tr>\n<td width=\"217\">Auteur<br \/>\nEditeur<br \/>\nDate de parution<br \/>\nFormat<br \/>\nNombre de pages<\/td>\n<td width=\"161\">Jean-Marc Jancovici<br \/>\nSeuil<br \/>\n15\/01\/2009<br \/>\n11cm x 19cm<br \/>\n96<\/td>\n<\/tr>\n<\/tbody>\n<\/table>\n<p><\/div><\/div> <div class=\"bg-margin-for-link\"><input type='hidden' bg_collapse_expand='69f9fc70004335096079477' value='69f9fc70004335096079477'><input type='hidden' id='bg-show-more-text-69f9fc70004335096079477' value='Voir la fiche d&apos;analyse'><input type='hidden' id='bg-show-less-text-69f9fc70004335096079477' value='Masquer la fiche d&apos;analyse'><a id='bg-showmore-action-69f9fc70004335096079477' class='bg-showmore-plg-link  '  style=\" color:#00ff00;;\" href='#'>Voir la fiche d&apos;analyse<\/a><div id='bg-showmore-hidden-69f9fc70004335096079477' ><\/p>\n<p>Ce petit livre r\u00e9sume dans un premier temps les principaux m\u00e9canismes du changement climatique.<br \/>\nDans un deuxi\u00e8me temps il examine les cons\u00e9quences possibles de ce changement.<br \/>\nUne troisi\u00e8me partie aborde de mani\u00e8re assez d\u00e9taill\u00e9e l\u2019\u00e9tat des ressources en \u00e9nergie fossiles et la situation des \u00e9nergies renouvelables.<br \/>\nUn plaidoyer pour une r\u00e9volution \u00e9conomique \u00e0 m\u00eame d\u2019att\u00e9nuer ce changement et les d\u00e9g\u00e2ts qu\u2019il entrainera cl\u00f4ture le livre.<\/p>\n<p>Bien que datant de 2009, la plupart des informations que contient ce livre sont encore d\u2019actualit\u00e9.<\/p>\n<p>Le ton du livre est assez alarmiste.<\/p>\n<p>Le style sous forme de questions et r\u00e9ponses rend l\u2019expos\u00e9 beaucoup plus vivant et accessible.<\/p>\n<p><\/div><\/div> <div class=\"bg-margin-for-link\"><input type='hidden' bg_collapse_expand='69f9fc70004573080336101' value='69f9fc70004573080336101'><input type='hidden' id='bg-show-more-text-69f9fc70004573080336101' value='Voir le sommaire'><input type='hidden' id='bg-show-less-text-69f9fc70004573080336101' value='Masquer le sommaire'><a id='bg-showmore-action-69f9fc70004573080336101' class='bg-showmore-plg-link  '  style=\" color:#00ff00;;\" href='#'>Voir le sommaire<\/a><div id='bg-showmore-hidden-69f9fc70004573080336101' ><\/p>\n<p>Le climat change<br \/>\nQuand la mer monte<br \/>\nLe grand chambardement<br \/>\nLa saga du p\u00e9trole<br \/>\nUn p\u00e9trole hors de prix<br \/>\nDes d\u00e9fis pour toi et moi<\/p>\n<p><\/div><\/div> <div class=\"bg-margin-for-link\"><input type='hidden' bg_collapse_expand='69f9fc70004766072142300' value='69f9fc70004766072142300'><input type='hidden' id='bg-show-more-text-69f9fc70004766072142300' value='Voir la pr\u00e9sentation \u00e9ditoriale'><input type='hidden' id='bg-show-less-text-69f9fc70004766072142300' value='Masquer la pr\u00e9sentation \u00e9ditoriale'><a id='bg-showmore-action-69f9fc70004766072142300' class='bg-showmore-plg-link  '  style=\" color:#00ff00;;\" href='#'>Voir la pr\u00e9sentation \u00e9ditoriale<\/a><div id='bg-showmore-hidden-69f9fc70004766072142300' ><\/p>\n<p>Voil\u00e0 un petit livre qui va \u00e0 coup s\u00fbr passionner les adolescents. Pas seulement parce qu\u2019il propose un \u00e9tat des lieux parfaitement clair de la plan\u00e8te \u2013 ce qu\u2019ils ne trouvent pas encore \u00e0 l\u2019\u00e9cole ni dans les m\u00e9dias \u2013, mais surtout parce que la n\u00e9cessaire r\u00e9volution des modes de pens\u00e9e les concerne au premier chef. La rar\u00e9faction du p\u00e9trole et le r\u00e9chauffement climatique vont tout changer : habitat, transports, alimentation, m\u00e9tiers, fa\u00e7ons de vivre et de consommer. Catastrophe \u00e9cologique puis sociale ? Si rien n&rsquo;est fait, assur\u00e9ment. Mais aussi merveilleuse occasion de lib\u00e9rer sa cr\u00e9ativit\u00e9 et son imagination, et de r\u00e9fl\u00e9chir en toute connaissance de cause \u00e0 son m\u00e9tier de demain. Les \u00ab drogu\u00e9s du p\u00e9trole \u00bb que sont les parents d\u2019aujourd\u2019hui auront-ils des enfants plus clairvoyants et plus sages ? Ce livre peut y contribuer.<\/p>\n<p><\/div><\/div> <div class=\"bg-margin-for-link\"><input type='hidden' bg_collapse_expand='69f9fc70004a21009771293' value='69f9fc70004a21009771293'><input type='hidden' id='bg-show-more-text-69f9fc70004a21009771293' value='Voir des informations sur l\u2019auteur'><input type='hidden' id='bg-show-less-text-69f9fc70004a21009771293' value='Masquer les informations sur l\u2019auteur'><a id='bg-showmore-action-69f9fc70004a21009771293' class='bg-showmore-plg-link  '  style=\" color:#00ff00;;\" href='#'>Voir des informations sur l\u2019auteur<\/a><div id='bg-showmore-hidden-69f9fc70004a21009771293' ><\/p>\n<p>Jean-Marc Jancovici est ancien \u00e9l\u00e8ve de l\u2019\u00c9cole polytechnique, ing\u00e9nieur-conseil et enseignant.<\/p>\n<p><\/div><\/div><\/p>\n","protected":false},"excerpt":{"rendered":"","protected":false},"author":1,"featured_media":0,"parent":453,"menu_order":0,"comment_status":"closed","ping_status":"closed","template":"","meta":[],"_links":{"self":[{"href":"https:\/\/ekosofi.fr\/index.php\/wp-json\/wp\/v2\/pages\/618"}],"collection":[{"href":"https:\/\/ekosofi.fr\/index.php\/wp-json\/wp\/v2\/pages"}],"about":[{"href":"https:\/\/ekosofi.fr\/index.php\/wp-json\/wp\/v2\/types\/page"}],"author":[{"embeddable":true,"href":"https:\/\/ekosofi.fr\/index.php\/wp-json\/wp\/v2\/users\/1"}],"replies":[{"embeddable":true,"href":"https:\/\/ekosofi.fr\/index.php\/wp-json\/wp\/v2\/comments?post=618"}],"version-history":[{"count":4,"href":"https:\/\/ekosofi.fr\/index.php\/wp-json\/wp\/v2\/pages\/618\/revisions"}],"predecessor-version":[{"id":935,"href":"https:\/\/ekosofi.fr\/index.php\/wp-json\/wp\/v2\/pages\/618\/revisions\/935"}],"up":[{"embeddable":true,"href":"https:\/\/ekosofi.fr\/index.php\/wp-json\/wp\/v2\/pages\/453"}],"wp:attachment":[{"href":"https:\/\/ekosofi.fr\/index.php\/wp-json\/wp\/v2\/media?parent=618"}],"curies":[{"name":"wp","href":"https:\/\/api.w.org\/{rel}","templated":true}]}}