{"id":453,"date":"2020-12-30T19:56:22","date_gmt":"2020-12-30T18:56:22","guid":{"rendered":"http:\/\/ekosofi.fr\/?page_id=453"},"modified":"2021-01-30T19:00:02","modified_gmt":"2021-01-30T18:00:02","slug":"fiches-de-lecture","status":"publish","type":"page","link":"https:\/\/ekosofi.fr\/index.php\/fiches-de-lecture\/","title":{"rendered":"Bibliographie raisonn\u00e9e"},"content":{"rendered":"\r\n<p><span style=\"font-size: 14pt;\">Une Bibliograhie raisonn\u00e9e sur l&rsquo;\u00e9cologie et le climat est en construction<\/span><\/p>\r\n<p><span style=\"font-size: 14pt;\"><span style=\"font-size: 12pt;\">Cliquer sur le titre des ouvrages pour acc\u00e9der aux analyses de leur contenu<\/span><br \/><\/span><\/p>\r\n\r\n\r\n\r\n<p class=\"has-medium-font-size\"><span style=\"font-family: times new roman, times, serif;\"><a href=\"http:\/\/ekosofi.fr\/index.php\/en\/la-revolution-dun-grain-de-paille\/\">La<\/a><a href=\"http:\/\/ekosofi.fr\/index.php\/en\/la-revolution-dun-grain-de-paille\/\"> r\u00e9volu<\/a><a href=\"http:\/\/ekosofi.fr\/index.php\/en\/la-revolution-dun-grain-de-paille\/\">tion<\/a><a href=\"http:\/\/ekosofi.fr\/index.php\/en\/la-revolution-dun-grain-de-paille\/\"> d&rsquo;un seul grain de paille<\/a><\/span><br \/><span style=\"font-family: times new roman, times, serif;\"><a href=\"http:\/\/ekosofi.fr\/index.php\/le-climat-en-100-questions\/\">Le climat en<\/a><a href=\"http:\/\/ekosofi.fr\/index.php\/le-climat-en-100-questions\/\"> 10<\/a><a href=\"http:\/\/ekosofi.fr\/index.php\/le-climat-en-100-questions\/\">0<\/a><a href=\"http:\/\/ekosofi.fr\/index.php\/le-climat-en-100-questions\/\"> questions<\/a><\/span><br \/><span style=\"font-family: times new roman, times, serif;\"><a href=\"http:\/\/ekosofi.fr\/index.php\/le-co2-est-bon-pour-la-planete\/\">Le CO2 est bon pour la plan\u00e8te<\/a><strong><br \/><\/strong><a href=\"http:\/\/ekosofi.fr\/index.php\/le-livre-du-climat\/\" data-type=\"URL\" data-id=\"http:\/\/ekosofi.fr\/index.php\/fiches-de-lecture\/le-livre-du-climat-2\/\">Le livre du climat<\/a><br \/><a href=\"http:\/\/ekosofi.fr\/index.php\/fiches-de-lecture\/lhumanite-en-peril\/\">L&rsquo;humanit\u00e9 en p\u00e9ril<\/a><br \/><\/span><a href=\"http:\/\/ekosofi.fr\/index.php\/drawdown\/\"><span style=\"font-family: times new roman, times, serif;\">Drawdown<\/span><\/a><br \/><a href=\"http:\/\/ekosofi.fr\/index.php\/fiches-de-lecture\/le-changement-climatique-explique-a-ma-fille\/\"><span style=\"font-family: times new roman, times, serif;\">Le changement climatique expliqu\u00e9 \u00e0 ma fille<\/span><\/a><br \/><a href=\"http:\/\/ekosofi.fr\/index.php\/merci-au-co2\/\"><span style=\"font-family: times new roman, times, serif;\">Merci au CO2<\/span><\/a><\/p>\r\n<p>&nbsp;<\/p>\r\n<p>&nbsp;<\/p>\r\n<p>&nbsp;<\/p>\r\n<p>&nbsp;<\/p>\r\n\r\n\r\n\r\n\r\n\r\n\r\n\r\n\r\n\r\n\r\n\r\n<p class=\"has-medium-font-size\">\u00a0<\/p>\r\n","protected":false},"excerpt":{"rendered":"<p>Une Bibliograhie raisonn\u00e9e sur l&rsquo;\u00e9cologie et le climat est en construction Cliquer sur le titre des ouvrages pour acc\u00e9der aux analyses de leur contenu La r\u00e9volution d&rsquo;un seul grain de pailleLe climat en 100 questionsLe CO2 est bon pour la plan\u00e8teLe livre du climatL&rsquo;humanit\u00e9 en p\u00e9rilDrawdownLe changement climatique expliqu\u00e9 \u00e0 ma filleMerci au CO2 &nbsp; &hellip; <\/p>\n<p class=\"link-more\"><a href=\"https:\/\/ekosofi.fr\/index.php\/fiches-de-lecture\/\" class=\"more-link\">Continuer la lecture<span class=\"screen-reader-text\"> de &laquo;&nbsp;Bibliographie raisonn\u00e9e&nbsp;&raquo;<\/span><\/a><\/p>\n","protected":false},"author":1,"featured_media":0,"parent":0,"menu_order":0,"comment_status":"closed","ping_status":"closed","template":"","meta":[],"_links":{"self":[{"href":"https:\/\/ekosofi.fr\/index.php\/wp-json\/wp\/v2\/pages\/453"}],"collection":[{"href":"https:\/\/ekosofi.fr\/index.php\/wp-json\/wp\/v2\/pages"}],"about":[{"href":"https:\/\/ekosofi.fr\/index.php\/wp-json\/wp\/v2\/types\/page"}],"author":[{"embeddable":true,"href":"https:\/\/ekosofi.fr\/index.php\/wp-json\/wp\/v2\/users\/1"}],"replies":[{"embeddable":true,"href":"https:\/\/ekosofi.fr\/index.php\/wp-json\/wp\/v2\/comments?post=453"}],"version-history":[{"count":43,"href":"https:\/\/ekosofi.fr\/index.php\/wp-json\/wp\/v2\/pages\/453\/revisions"}],"predecessor-version":[{"id":946,"href":"https:\/\/ekosofi.fr\/index.php\/wp-json\/wp\/v2\/pages\/453\/revisions\/946"}],"wp:attachment":[{"href":"https:\/\/ekosofi.fr\/index.php\/wp-json\/wp\/v2\/media?parent=453"}],"curies":[{"name":"wp","href":"https:\/\/api.w.org\/{rel}","templated":true}]}}