{"id":18,"date":"2019-09-24T10:37:10","date_gmt":"2019-09-24T08:37:10","guid":{"rendered":"http:\/\/ekosofi.fr\/?page_id=18"},"modified":"2020-01-14T14:51:50","modified_gmt":"2020-01-14T13:51:50","slug":"a-propos-de","status":"publish","type":"page","link":"https:\/\/ekosofi.fr\/index.php\/a-propos-de\/","title":{"rendered":"\u00c0 propos d&rsquo;ekosofi"},"content":{"rendered":"<p>\u00a0<\/p>\n<p>Vous vous int\u00e9ressez au d\u00e9veloppement durable, \u00e0 l&rsquo;\u00e9cologie, alors ce blog de r\u00e9flexions et d&rsquo;expos\u00e9s de faits\u00a0 vous int\u00e9ressera !<\/p>\n\n\n<p>Ce Blog a pour objectif d&rsquo;ouvrir les portes de diff\u00e9rents sujets qui composent l&rsquo;\u00e9cologie. Il a \u00e9galement l&rsquo;ambition de donner quelques points de vue d&rsquo;un s\u00e9nior sur ces sujets ; de ce fait il est certainement subjectif. Une approche r\u00e9solument transversale a \u00e9t\u00e9 retenue.<\/p>\n\n\n\n<p>Un autre objectif est d&rsquo;enrichir ce Blog \u00e0 l&rsquo;aide de vos contributions et ainsi de partager d&rsquo;autres points de vue. <\/p>\n\n\n\n<p>Vos commentaires sont bienvenus et seront soit incorpor\u00e9s \u00e0 l&rsquo;article, soit publi\u00e9s sous forme de nouveaux articles, soit publi\u00e9s sous forme de commentaires.<\/p>\n\n\n\n<p>Plut\u00f4t que de recopier ind\u00e9finiment des articles existants, ce Blog propose un cadre qui organise l&rsquo;acc\u00e8s \u00e0 des ressources d&rsquo;Internet telles que vid\u00e9os, articles, etc. La qualit\u00e9 p\u00e9dagogique des ressources et leur valeur ajout\u00e9e sont les crit\u00e8res de s\u00e9lection de ces ressources.<\/p>\n\n\n\n<p>La forme d&rsquo;ab\u00e9c\u00e9daire permettra au lecteur de butiner et de la sorte d&rsquo;\u00e9chapper \u00e0 une forme trop acad\u00e9mique.<\/p>\n\n\n\n<p> Vous rendrez service \u00e0 la plan\u00e8te en contribuant \u00e0 l&rsquo;enrichissement du Blog avec vos commentaires et suggestions ou bien en le r\u00e9f\u00e9ren\u00e7ant dans les r\u00e9seaux sociaux. <\/p>\n\n\n\n<p> Rendez-vous dans l&rsquo;onglet blog !  <\/p>\n","protected":false},"excerpt":{"rendered":"<p>\u00a0 Vous vous int\u00e9ressez au d\u00e9veloppement durable, \u00e0 l&rsquo;\u00e9cologie, alors ce blog de r\u00e9flexions et d&rsquo;expos\u00e9s de faits\u00a0 vous int\u00e9ressera ! Ce Blog a pour objectif d&rsquo;ouvrir les portes de diff\u00e9rents sujets qui composent l&rsquo;\u00e9cologie. Il a \u00e9galement l&rsquo;ambition de donner quelques points de vue d&rsquo;un s\u00e9nior sur ces sujets ; de ce fait il &hellip; <\/p>\n<p class=\"link-more\"><a href=\"https:\/\/ekosofi.fr\/index.php\/a-propos-de\/\" class=\"more-link\">Continuer la lecture<span class=\"screen-reader-text\"> de &laquo;&nbsp;\u00c0 propos d&rsquo;ekosofi&nbsp;&raquo;<\/span><\/a><\/p>\n","protected":false},"author":1,"featured_media":0,"parent":0,"menu_order":0,"comment_status":"closed","ping_status":"closed","template":"","meta":[],"_links":{"self":[{"href":"https:\/\/ekosofi.fr\/index.php\/wp-json\/wp\/v2\/pages\/18"}],"collection":[{"href":"https:\/\/ekosofi.fr\/index.php\/wp-json\/wp\/v2\/pages"}],"about":[{"href":"https:\/\/ekosofi.fr\/index.php\/wp-json\/wp\/v2\/types\/page"}],"author":[{"embeddable":true,"href":"https:\/\/ekosofi.fr\/index.php\/wp-json\/wp\/v2\/users\/1"}],"replies":[{"embeddable":true,"href":"https:\/\/ekosofi.fr\/index.php\/wp-json\/wp\/v2\/comments?post=18"}],"version-history":[{"count":13,"href":"https:\/\/ekosofi.fr\/index.php\/wp-json\/wp\/v2\/pages\/18\/revisions"}],"predecessor-version":[{"id":434,"href":"https:\/\/ekosofi.fr\/index.php\/wp-json\/wp\/v2\/pages\/18\/revisions\/434"}],"wp:attachment":[{"href":"https:\/\/ekosofi.fr\/index.php\/wp-json\/wp\/v2\/media?parent=18"}],"curies":[{"name":"wp","href":"https:\/\/api.w.org\/{rel}","templated":true}]}}